{"id":54,"date":"2016-01-14T14:31:07","date_gmt":"2016-01-14T13:31:07","guid":{"rendered":"http:\/\/www.jugendschutz-niedersachsen.de\/trickfilmchen\/?page_id=54"},"modified":"2018-03-21T14:50:23","modified_gmt":"2018-03-21T13:50:23","slug":"links","status":"publish","type":"page","link":"https:\/\/www.jugendschutz-niedersachsen.de\/trickfilmchen\/links\/","title":{"rendered":"Links"},"content":{"rendered":"<h1 style=\"text-align: center;\">Links<\/h1>\n<p><strong><a href=\"htt:\/\/www.bjf.info\" target=\"_blank\" rel=\"noopener\">www.bjf.info<\/a><\/strong><br \/>\nBundesverband Jugend und Film e.V. (BJF) engagiert sich seit 1970 erfolgreich f\u00fcr die Filminteressen von Kindern und Jugendlichen<\/p>\n<hr \/>\n<p><a href=\"https:\/\/www.planet-schule.de\/dokn\" target=\"_blank\" rel=\"noopener\"><strong>www.planet-schule.de\/dokn<\/strong><\/a><br \/>\ndok\u00b4mal! Filmbegriffe alphabetisch<\/p>\n<hr \/>\n<p><a href=\"https:\/\/www.blickwechsel.org\" target=\"_blank\" rel=\"noopener\"><strong>www.blickwechsel.org<\/strong><\/a><br \/>\nVerein f\u00fcr Medien- und Kulturp\u00e4dagogik<\/p>\n<hr \/>\n<p><a href=\"https:\/\/www.gmk.de\" target=\"_blank\" rel=\"noopener\"><strong>www.gmk.de<\/strong><\/a><br \/>\nGesellschaft f\u00fcr Medienp\u00e4dagogik und Kommunikationskultur<\/p>\n<hr \/>\n<p><a href=\"http:\/\/www.fbw-Filmbewertung.de\" target=\"_blank\" rel=\"noopener\"><strong>www.fbw-Filmbewertung.de<\/strong><\/a><br \/>\nDeutsche Film- und Medienbewertung Wiesbaden vergibt qualitativ hochwertigen Filmen die Pr\u00e4dikate WERTVOLL und BESONDERS WERTVOLL<\/p>\n<hr \/>\n<p><a href=\"http:\/\/www.fbw-Filmbewertung.de\" target=\"_blank\" rel=\"noopener\"><strong>www.flimmo.de<\/strong><\/a><br \/>\nFlimmo &#8211; Programmberatung f\u00fcr Eltern, Hrsg. Bayerische Landeszentrale f\u00fcr neue Medien (BLM)<\/p>\n<hr \/>\n<p><a href=\"https:\/\/www.fsk.de\" target=\"_blank\" rel=\"noopener\"><strong>www.fsk.de<\/strong><\/a><br \/>\nFreiwillige Selbstkontrolle der Filmwirtschaft (FSK)<\/p>\n<hr \/>\n<p><a href=\"https:\/\/www.fsf.de\" target=\"_blank\" rel=\"noopener\"><strong>www.fsf.de<\/strong><\/a><br \/>\nFreiwillige Selbstkontrolle Fernsehen e.V. (FSF)<\/p>\n<hr \/>\n<p><a href=\"https:\/\/www.jff.de\" target=\"_blank\" rel=\"noopener\"><strong>www.jff.de<\/strong><\/a><br \/>\nInstitut f\u00fcr Medienp\u00e4dagogik in Forschung und Praxis<\/p>\n<hr \/>\n<p><a href=\"http:\/\/www.jugend-filmjury.com\" target=\"_blank\" rel=\"noopener\"><strong>www.jugend-filmjury.com<\/strong><\/a><br \/>\nFilmtipps f\u00fcr 5 bis 14-J\u00e4hrige, Jugend Filmjurys bewerten aktuelle Kinderfilme<\/p>\n<hr \/>\n<p><a href=\"https:\/\/www.klicksafe.de\" target=\"_blank\" rel=\"noopener\"><strong>www.klicksafe.de<\/strong><\/a><br \/>\nKlicksafe ist eine EU-Initiative f\u00fcr mehr Sicherheit im Netz<\/p>\n<hr \/>\n<p><a href=\"http:\/\/www.Kjf.de\" target=\"_blank\" rel=\"noopener\"><strong>www.Kjf.de<\/strong><\/a><br \/>\nKinder- und Jugendfilmzentrum in Deutschland (KFJ)<\/p>\n<hr \/>\n<p><strong><a href=\"http:\/\/www.Kinderfilmwelt.de\" target=\"_blank\" rel=\"noopener\">www.Kinderfilmwelt.de<\/a><\/strong><br \/>\nKindgerechte und aktuelle Datenbank rund um Filme f\u00fcr Kinder<\/p>\n<hr \/>\n<p><a href=\"http:\/\/www.kinofenster.de\" target=\"_blank\" rel=\"noopener\"><strong>www.kinofenster.de<\/strong><\/a><br \/>\nDas Onlineportal zur Filmbildung<\/p>\n<hr \/>\n<p><a href=\"http:\/\/www.mediaculture-online.de\" target=\"_blank\" rel=\"noopener\"><strong>www.mediaculture-online.de<\/strong><\/a><br \/>\nDas Portal f\u00fcr Medienp\u00e4dagogik und Medienkultur<\/p>\n<hr \/>\n<p><a href=\"https:\/\/www.schau-hin.info\" target=\"_blank\" rel=\"noopener\"><strong>www.schau-hin.info<\/strong><\/a><br \/>\nSchau hin, was dein Kind mit Medien macht<\/p>\n","protected":false},"excerpt":{"rendered":"<p>Links www.bjf.info Bundesverband Jugend und Film e.V. (BJF) engagiert sich seit 1970 erfolgreich f\u00fcr die Filminteressen von Kindern und Jugendlichen www.planet-schule.de\/dokn dok\u00b4mal! Filmbegriffe alphabetisch www.blickwechsel.org Verein f\u00fcr Medien- und Kulturp\u00e4dagogik www.gmk.de Gesellschaft f\u00fcr Medienp\u00e4dagogik und Kommunikationskultur www.fbw-Filmbewertung.de Deutsche Film- und Medienbewertung Wiesbaden vergibt qualitativ hochwertigen Filmen die Pr\u00e4dikate WERTVOLL und BESONDERS WERTVOLL www.flimmo.de Flimmo &#8211; [&hellip;]<\/p>\n","protected":false},"author":1,"featured_media":0,"parent":0,"menu_order":5,"comment_status":"closed","ping_status":"closed","template":"","meta":{"_et_pb_use_builder":"","_et_pb_old_content":"","_et_gb_content_width":"","footnotes":""},"class_list":["post-54","page","type-page","status-publish","hentry"],"_links":{"self":[{"href":"https:\/\/www.jugendschutz-niedersachsen.de\/trickfilmchen\/wp-json\/wp\/v2\/pages\/54","targetHints":{"allow":["GET"]}}],"collection":[{"href":"https:\/\/www.jugendschutz-niedersachsen.de\/trickfilmchen\/wp-json\/wp\/v2\/pages"}],"about":[{"href":"https:\/\/www.jugendschutz-niedersachsen.de\/trickfilmchen\/wp-json\/wp\/v2\/types\/page"}],"author":[{"embeddable":true,"href":"https:\/\/www.jugendschutz-niedersachsen.de\/trickfilmchen\/wp-json\/wp\/v2\/users\/1"}],"replies":[{"embeddable":true,"href":"https:\/\/www.jugendschutz-niedersachsen.de\/trickfilmchen\/wp-json\/wp\/v2\/comments?post=54"}],"version-history":[{"count":10,"href":"https:\/\/www.jugendschutz-niedersachsen.de\/trickfilmchen\/wp-json\/wp\/v2\/pages\/54\/revisions"}],"predecessor-version":[{"id":4056,"href":"https:\/\/www.jugendschutz-niedersachsen.de\/trickfilmchen\/wp-json\/wp\/v2\/pages\/54\/revisions\/4056"}],"wp:attachment":[{"href":"https:\/\/www.jugendschutz-niedersachsen.de\/trickfilmchen\/wp-json\/wp\/v2\/media?parent=54"}],"curies":[{"name":"wp","href":"https:\/\/api.w.org\/{rel}","templated":true}]}}