{"id":51,"date":"2016-01-14T14:30:07","date_gmt":"2016-01-14T13:30:07","guid":{"rendered":"http:\/\/www.jugendschutz-niedersachsen.de\/trickfilmchen\/?page_id=51"},"modified":"2016-01-18T13:15:11","modified_gmt":"2016-01-18T12:15:11","slug":"materialien","status":"publish","type":"page","link":"https:\/\/www.jugendschutz-niedersachsen.de\/trickfilmchen\/materialien\/","title":{"rendered":"Materialien"},"content":{"rendered":"<h1 style=\"text-align: center;\">Materialien<\/h1>\n<p><strong><a href=\"https:\/\/www.mpfs.de\" target=\"_blank\">KIM-Studie<br \/>\n<\/a><\/strong>Seit 1999 f\u00fchrt der Medienp\u00e4dagogischer Forschungsverbund S\u00fcdwest (mpfs) regelm\u00e4\u00dfig eine Basisstudie zum Stellenwert der Medien im Alltag von Kindern zwischen 6 bis13 Jahren durch.<br \/>\n<a href=\"https:\/\/www.mpfs.de\" target=\"_blank\">www.mpfs.de<\/a><\/p>\n<hr \/>\n<p><strong><a href=\"https:\/\/www.mpfs.de\" target=\"_blank\">MiniKIM<\/a><\/strong><br \/>\nSeit 2012 legt der Medienp\u00e4dagogischer Forschungsverbund S\u00fcdwest (mpfs) Basisdaten zur Mediennutzung von Kindern zwischen 2 und 5 Jahren vor.<br \/>\n<a href=\"https:\/\/www.mpfs.de\" target=\"_blank\">www.mpfs.de<\/a><\/p>\n<hr \/>\n<p><strong><a href=\"https:\/\/www.ard-werbung.de\/media-perspektiven\/publikationen\/fachzeitschrift\/2015\/artikel\/was-kinder-sehen-18\/\" target=\"_blank\">Media Perspektiven<\/a><\/strong><br \/>\n\u201eWas Kinder sehen\u201c von Sabine Feierabend und Walter Winkler<br \/>\n<a href=\"https:\/\/www.ard-werbung.de\/media-perspektiven\/publikationen\/fachzeitschrift\/2015\/artikel\/was-kinder-sehen-18\/\" target=\"_blank\">https:\/\/www.ard-werbung.de\/media-perspektiven\/publikationen\/fachzeitschrift\/2015\/artikel\/was-kinder-sehen-18\/<\/a><\/p>\n<hr \/>\n<p><strong><a href=\"https:\/\/jugendschutz-materialien.de\/shop\/medienpaedagogik\/welche-filme-duerfen-kinder-und-jugendliche-sehen\/\" target=\"_blank\"><img loading=\"lazy\" decoding=\"async\" class=\"alignleft wp-image-75 size-medium\" src=\"https:\/\/www.jugendschutz-niedersachsen.de\/trickfilmchen\/wp-content\/uploads\/sites\/7\/2016\/01\/welche_filme-154x300.jpg\" alt=\"welche_filme\" width=\"154\" height=\"300\" srcset=\"https:\/\/www.jugendschutz-niedersachsen.de\/trickfilmchen\/wp-content\/uploads\/sites\/7\/2016\/01\/welche_filme-154x300.jpg 154w, https:\/\/www.jugendschutz-niedersachsen.de\/trickfilmchen\/wp-content\/uploads\/sites\/7\/2016\/01\/welche_filme-526x1024.jpg 526w, https:\/\/www.jugendschutz-niedersachsen.de\/trickfilmchen\/wp-content\/uploads\/sites\/7\/2016\/01\/welche_filme.jpg 656w\" sizes=\"(max-width: 154px) 100vw, 154px\" \/><\/a><a href=\"https:\/\/jugendschutz-materialien.de\/shop\/medienpaedagogik\/welche-filme-duerfen-kinder-und-jugendliche-sehen\/\" target=\"_blank\">Welche Filme d\u00fcrfen Kinder und Jugendliche sehen<\/a><\/strong><br \/>\nEin Ratgeber f\u00fcr Eltern<\/p>\n<p>Eltern sind h\u00e4ufig unsicher, wenn es um die Bewertung des Medienerlebens der eigenen Kinder geht. Wie erleben Kinder Filme? Welche gesetzlichen Regelungen gibt es f\u00fcr Kinofilme und f\u00fcr Fernsehsendungen? Und was kann man tun, wenn Kinder Angst bekommen? Tipps f\u00fcr den Umgang mit Filmen erg\u00e4nzen diese Informationen.<\/p>\n<p><em>Hrsg: Landesstelle Jugendschutz Niedersachsen<\/em><\/p>\n<p>Der Ratgeber ist auch in den Sprachen T\u00fcrkisch, Russisch, Arabisch und Kurdisch erh\u00e4ltlich.<\/p>\n<table style=\"border-color: #ffffff;\">\n<tbody>\n<tr>\n<td style=\"border-color: #ffffff; text-align: center; vertical-align: middle;\">\n<p><div id=\"attachment_77\" style=\"width: 60px\" class=\"wp-caption aligncenter\"><a href=\"https:\/\/jugendschutz-materialien.de\/shop\/medienpaedagogik\/welche-filme-duerfen-kinder-und-jugendliche-sehen-tuerkisch\/\" target=\"_blank\"><img loading=\"lazy\" decoding=\"async\" aria-describedby=\"caption-attachment-77\" class=\"wp-image-77\" title=\"t\u00fcrkisch\" src=\"https:\/\/www.jugendschutz-niedersachsen.de\/trickfilmchen\/wp-content\/uploads\/sites\/7\/2016\/01\/welche_filme_tuerkisch-149x300.jpg\" alt=\"t\u00fcrkisch\" width=\"50\" height=\"100\" srcset=\"https:\/\/www.jugendschutz-niedersachsen.de\/trickfilmchen\/wp-content\/uploads\/sites\/7\/2016\/01\/welche_filme_tuerkisch-149x300.jpg 149w, https:\/\/www.jugendschutz-niedersachsen.de\/trickfilmchen\/wp-content\/uploads\/sites\/7\/2016\/01\/welche_filme_tuerkisch.jpg 323w\" sizes=\"(max-width: 50px) 100vw, 50px\" \/><\/a><p id=\"caption-attachment-77\" class=\"wp-caption-text\">t\u00fcrkisch<\/p><\/div><\/td>\n<td style=\"border-color: #ffffff; text-align: center; vertical-align: middle;\">\n<p><div id=\"attachment_78\" style=\"width: 60px\" class=\"wp-caption aligncenter\"><a href=\"https:\/\/jugendschutz-materialien.de\/shop\/medienpaedagogik\/welche-filme-duerfen-kinder-und-jugendliche-sehen-russisch\/\" target=\"_blank\"><img loading=\"lazy\" decoding=\"async\" aria-describedby=\"caption-attachment-78\" class=\"wp-image-78\" title=\"russisch\" src=\"https:\/\/www.jugendschutz-niedersachsen.de\/trickfilmchen\/wp-content\/uploads\/sites\/7\/2016\/01\/welche_filme_russisch-149x300.jpg\" alt=\"russisch\" width=\"50\" height=\"100\" srcset=\"https:\/\/www.jugendschutz-niedersachsen.de\/trickfilmchen\/wp-content\/uploads\/sites\/7\/2016\/01\/welche_filme_russisch-149x300.jpg 149w, https:\/\/www.jugendschutz-niedersachsen.de\/trickfilmchen\/wp-content\/uploads\/sites\/7\/2016\/01\/welche_filme_russisch.jpg 398w\" sizes=\"(max-width: 50px) 100vw, 50px\" \/><\/a><p id=\"caption-attachment-78\" class=\"wp-caption-text\">russisch<\/p><\/div><\/td>\n<td style=\"border-color: #ffffff; text-align: center; vertical-align: middle;\">\n<p><div id=\"attachment_80\" style=\"width: 61px\" class=\"wp-caption aligncenter\"><a href=\"https:\/\/jugendschutz-materialien.de\/shop\/medienpaedagogik\/welche_filme_arabisch\/\"><img loading=\"lazy\" decoding=\"async\" aria-describedby=\"caption-attachment-80\" class=\"wp-image-80\" title=\"arabisch\" src=\"https:\/\/www.jugendschutz-niedersachsen.de\/trickfilmchen\/wp-content\/uploads\/sites\/7\/2016\/01\/welche_filme_arabisch-153x300.jpg\" alt=\"arabisch\" width=\"51\" height=\"100\" srcset=\"https:\/\/www.jugendschutz-niedersachsen.de\/trickfilmchen\/wp-content\/uploads\/sites\/7\/2016\/01\/welche_filme_arabisch-153x300.jpg 153w, https:\/\/www.jugendschutz-niedersachsen.de\/trickfilmchen\/wp-content\/uploads\/sites\/7\/2016\/01\/welche_filme_arabisch.jpg 409w\" sizes=\"(max-width: 51px) 100vw, 51px\" \/><\/a><p id=\"caption-attachment-80\" class=\"wp-caption-text\">arabisch<\/p><\/div><\/td>\n<td style=\"border-color: #ffffff; text-align: center; vertical-align: middle;\">\n<p><div id=\"attachment_79\" style=\"width: 62px\" class=\"wp-caption aligncenter\"><a href=\"https:\/\/jugendschutz-materialien.de\/shop\/medienpaedagogik\/welche-filme-duerfen-kinder-und-jugendliche-sehen-kurdisch\/\" target=\"_blank\"><img loading=\"lazy\" decoding=\"async\" aria-describedby=\"caption-attachment-79\" class=\"wp-image-79\" title=\"kurdisch\" src=\"https:\/\/www.jugendschutz-niedersachsen.de\/trickfilmchen\/wp-content\/uploads\/sites\/7\/2016\/01\/Welche-Filme-kurdisch-260x500-156x300.jpg\" alt=\"kurdisch\" width=\"52\" height=\"100\" srcset=\"https:\/\/www.jugendschutz-niedersachsen.de\/trickfilmchen\/wp-content\/uploads\/sites\/7\/2016\/01\/Welche-Filme-kurdisch-260x500-156x300.jpg 156w, https:\/\/www.jugendschutz-niedersachsen.de\/trickfilmchen\/wp-content\/uploads\/sites\/7\/2016\/01\/Welche-Filme-kurdisch-260x500.jpg 260w\" sizes=\"(max-width: 52px) 100vw, 52px\" \/><\/a><p id=\"caption-attachment-79\" class=\"wp-caption-text\">kurdisch<\/p><\/div><\/td>\n<\/tr>\n<\/tbody>\n<\/table>\n<p>&nbsp;<\/p>\n<hr \/>\n<p><strong><a href=\"https:\/\/lfk.de\/fileadmin\/media\/Trickfilm_2010-PDF\/trickboxx2010.pdf\" target=\"_blank\">Die Trickboxx \u2013 ein Leitfaden f\u00fcr die Praxis <\/a><a href=\"lfk.de\/fileadmin\/media\/Trickfilm_2010-PDF\/trickboxx2010.pdf\" target=\"_blank\"><img loading=\"lazy\" decoding=\"async\" class=\"alignleft wp-image-85 size-full\" src=\"https:\/\/www.jugendschutz-niedersachsen.de\/trickfilmchen\/wp-content\/uploads\/sites\/7\/2016\/01\/trickboxx2007.jpg\" alt=\"trickboxx2007\" width=\"160\" height=\"225\" \/><\/a><\/strong><a href=\"https:\/\/lfmpublikationen.lfm-nrw.de\/index.php?view=product_detail&amp;product_id=110\" target=\"_blank\">(PDF-Download)<\/a><br \/>\nLandesmedienanstalt f\u00fcr Medien Nordrhein-Westfalen<br \/>\n<a href=\"https:\/\/www.lfmpublikationen.lfm-nrw.de\" target=\"_blank\">www.lfmpublikationen.lfm-nrw.de<\/a><\/p>\n","protected":false},"excerpt":{"rendered":"<p>Materialien KIM-Studie Seit 1999 f\u00fchrt der Medienp\u00e4dagogischer Forschungsverbund S\u00fcdwest (mpfs) regelm\u00e4\u00dfig eine Basisstudie zum Stellenwert der Medien im Alltag von Kindern zwischen 6 bis13 Jahren durch. www.mpfs.de MiniKIM Seit 2012 legt der Medienp\u00e4dagogischer Forschungsverbund S\u00fcdwest (mpfs) Basisdaten zur Mediennutzung von Kindern zwischen 2 und 5 Jahren vor. www.mpfs.de Media Perspektiven \u201eWas Kinder sehen\u201c von Sabine [&hellip;]<\/p>\n","protected":false},"author":1,"featured_media":0,"parent":0,"menu_order":4,"comment_status":"closed","ping_status":"closed","template":"","meta":{"_et_pb_use_builder":"","_et_pb_old_content":"","_et_gb_content_width":"","footnotes":""},"class_list":["post-51","page","type-page","status-publish","hentry"],"_links":{"self":[{"href":"https:\/\/www.jugendschutz-niedersachsen.de\/trickfilmchen\/wp-json\/wp\/v2\/pages\/51","targetHints":{"allow":["GET"]}}],"collection":[{"href":"https:\/\/www.jugendschutz-niedersachsen.de\/trickfilmchen\/wp-json\/wp\/v2\/pages"}],"about":[{"href":"https:\/\/www.jugendschutz-niedersachsen.de\/trickfilmchen\/wp-json\/wp\/v2\/types\/page"}],"author":[{"embeddable":true,"href":"https:\/\/www.jugendschutz-niedersachsen.de\/trickfilmchen\/wp-json\/wp\/v2\/users\/1"}],"replies":[{"embeddable":true,"href":"https:\/\/www.jugendschutz-niedersachsen.de\/trickfilmchen\/wp-json\/wp\/v2\/comments?post=51"}],"version-history":[{"count":13,"href":"https:\/\/www.jugendschutz-niedersachsen.de\/trickfilmchen\/wp-json\/wp\/v2\/pages\/51\/revisions"}],"predecessor-version":[{"id":125,"href":"https:\/\/www.jugendschutz-niedersachsen.de\/trickfilmchen\/wp-json\/wp\/v2\/pages\/51\/revisions\/125"}],"wp:attachment":[{"href":"https:\/\/www.jugendschutz-niedersachsen.de\/trickfilmchen\/wp-json\/wp\/v2\/media?parent=51"}],"curies":[{"name":"wp","href":"https:\/\/api.w.org\/{rel}","templated":true}]}}