{"id":18,"date":"2020-02-10T11:12:03","date_gmt":"2020-02-10T10:12:03","guid":{"rendered":"https:\/\/www.jugendschutz-niedersachsen.de\/sexges\/?page_id=18"},"modified":"2025-06-06T10:04:48","modified_gmt":"2025-06-06T08:04:48","slug":"weitere-informationen-und-links-fuer-paedagogische-fachkraefte","status":"publish","type":"page","link":"https:\/\/www.jugendschutz-niedersachsen.de\/sexuelle-gesundheit\/sexuelle-und-reproduktive-rechte\/weitere-informationen-und-links-fuer-paedagogische-fachkraefte\/","title":{"rendered":"Weitere Informationen und Links f\u00fcr p\u00e4dagogische Fachkr\u00e4fte"},"content":{"rendered":"<p>[et_pb_section fb_built=&#8220;1&#8243; fullwidth=&#8220;on&#8220; _builder_version=&#8220;4.16&#8243; background_color=&#8220;rgba(0,0,0,0)&#8220; global_colors_info=&#8220;{}&#8220;][et_pb_fullwidth_header title=&#8220;sexuelle und reproduktive Rechte&#8220; subhead=&#8220;Weitere Informationen und Links f\u00fcr p\u00e4dagogische Fachkr\u00e4fte&#8220; _builder_version=&#8220;4.16&#8243; title_font=&#8220;||||||||&#8220; subhead_font=&#8220;|600|||||||&#8220; subhead_text_color=&#8220;rgba(255,255,255,0.7)&#8220; background_color=&#8220;#e84e0f&#8220; custom_margin=&#8220;||||false|false&#8220; custom_padding=&#8220;20px||20px||false|false&#8220; global_colors_info=&#8220;{}&#8220;][\/et_pb_fullwidth_header][\/et_pb_section][et_pb_section fb_built=&#8220;1&#8243; _builder_version=&#8220;4.16&#8243; background_color=&#8220;rgba(232,78,15,0.14)&#8220; global_colors_info=&#8220;{}&#8220;][et_pb_row column_structure=&#8220;1_4,3_4&#8243; make_equal=&#8220;on&#8220; _builder_version=&#8220;4.16&#8243; background_size=&#8220;initial&#8220; background_position=&#8220;top_left&#8220; background_repeat=&#8220;repeat&#8220; global_colors_info=&#8220;{}&#8220;][et_pb_column type=&#8220;1_4&#8243; _builder_version=&#8220;4.16&#8243; custom_padding=&#8220;|||&#8220; global_colors_info=&#8220;{}&#8220; custom_padding__hover=&#8220;|||&#8220;][et_pb_blurb title=&#8220;Materialien&#8220; use_icon=&#8220;on&#8220; font_icon=&#8220;&#xe022;||divi||400&#8243; icon_color=&#8220;#e84e0f&#8220; image_icon_width=&#8220;40px&#8220; admin_label=&#8220;Materialien&#8220; _builder_version=&#8220;4.16&#8243; header_text_color=&#8220;#e84e0f&#8220; header_font_size=&#8220;26px&#8220; custom_margin=&#8220;25px||||false|false&#8220; icon_font_size=&#8220;40px&#8220; global_colors_info=&#8220;{}&#8220;]<\/p>\n<p>&nbsp;<\/p>\n<p>\u200b<\/p>\n<p>[\/et_pb_blurb][\/et_pb_column][et_pb_column type=&#8220;3_4&#8243; _builder_version=&#8220;4.16&#8243; custom_padding=&#8220;|||&#8220; global_colors_info=&#8220;{}&#8220; custom_padding__hover=&#8220;|||&#8220;][et_pb_text admin_label=&#8220;Materialien&#8220; _builder_version=&#8220;4.25.1&#8243; background_color=&#8220;#ffffff&#8220; background_size=&#8220;initial&#8220; background_position=&#8220;top_left&#8220; background_repeat=&#8220;repeat&#8220; custom_margin=&#8220;25px|25px|25px|25px|false|false&#8220; custom_padding=&#8220;25px|25px|25px|25px|false|false&#8220; hover_enabled=&#8220;0&#8243; border_radii=&#8220;on|8px|8px|8px|8px&#8220; border_color_all=&#8220;#12a19a&#8220; global_colors_info=&#8220;{}&#8220; sticky_enabled=&#8220;0&#8243;]<\/p>\n<h3>Methoden I Materialien I Weiterbildung<\/h3>\n<ul>\n<li><strong><a href=\"https:\/\/www.profamilia.de\/\" target=\"_blank\" rel=\"noopener noreferrer\">Pro Familia<\/a><br \/><\/strong>Deutsche Gesellschaft f\u00fcr Familienplanung, Sexualp\u00e4dagogik und Sexualberatung e.V.<br \/>Beratung, Aufkl\u00e4rung, Fortbildung und Materialien f\u00fcr verschiedene Zielgruppen<br \/>Brosch\u00fcre <strong>&#8222;Deine Sexualit\u00e4t &#8211; deine Rechte&#8220;<\/strong><\/li>\n<li><strong><a href=\"https:\/\/www.nrw-donumvitae.de\/\" target=\"_blank\" rel=\"noopener noreferrer\">donum vitae NRW<\/a><br \/>\u201e\u00a7ex und Recht &#8211; Dinge die du wissen solltest\u201c<\/strong><\/li>\n<li><strong><a href=\"https:\/\/www.bzga.de\/\" target=\"_blank\" rel=\"noopener noreferrer\">Bundeszentrale f\u00fcr gesundheitliche Aufkl\u00e4rung<\/a><br \/><\/strong>Forschung, Informationen und Materialien f\u00fcr verschiedene Zielgruppen<br \/>Brosch\u00fcren z. B. zu <strong>&#8222;Meine Rechte&#8220;, &#8222;Verh\u00fctung&#8220;, &#8222;Die Pille danach&#8220;, &#8222;K\u00f6rper und Gesundheit&#8220; <\/strong>u. v. m.<\/li>\n<li><strong><a href=\"https:\/\/www.jugendinfo.at\/\" target=\"_blank\" rel=\"noopener noreferrer\">\u00d6sterreichischen Jugendinfos<\/a><br \/><\/strong>Brosch\u00fcre <strong>&#8222;Erster Sex und gro\u00dfe Liebe&#8220;<\/strong><\/li>\n<li><strong><a href=\"http:\/\/www.ippf.org\" target=\"_blank\" rel=\"noopener noreferrer\">ippf.org<\/a> <\/strong>| Homepage der International Planned Parenthood Federation (auf Englisch)<br \/>u.a. gibt es hier die Ver\u00f6ffentlichung <strong>\u201eSexuelle Rechte &#8211; Eine IPPF-Erkl\u00e4rung\u201c<\/strong> (PDF \/deutsch)<\/li>\n<li><a href=\"https:\/\/www.boell.de\/de\" target=\"_blank\" rel=\"noopener noreferrer\"><strong>Heinrich-B\u00f6ll-Stiftung<br \/><\/strong><\/a>Essay<a href=\"https:\/\/www.boell.de\/de\/2015\/09\/18\/sexuelle-und-reproduktive-rechte\" target=\"_blank\" rel=\"noopener noreferrer\"><strong>\u201eSexuelle und reproduktive Rechte\u201c<\/strong><\/a>|\u00a0 von Christa Wichterich<\/li>\n<\/ul>\n<p>[\/et_pb_text][\/et_pb_column][\/et_pb_row][\/et_pb_section][et_pb_section fb_built=&#8220;1&#8243; _builder_version=&#8220;4.16&#8243; background_color=&#8220;rgba(232,78,15,0.26)&#8220; global_colors_info=&#8220;{}&#8220;][et_pb_row column_structure=&#8220;1_4,3_4&#8243; make_equal=&#8220;on&#8220; _builder_version=&#8220;4.16&#8243; background_size=&#8220;initial&#8220; background_position=&#8220;top_left&#8220; background_repeat=&#8220;repeat&#8220; global_colors_info=&#8220;{}&#8220;][et_pb_column type=&#8220;1_4&#8243; _builder_version=&#8220;4.16&#8243; custom_padding=&#8220;|||&#8220; global_colors_info=&#8220;{}&#8220; custom_padding__hover=&#8220;|||&#8220;][et_pb_blurb title=&#8220;Links&#8220; use_icon=&#8220;on&#8220; font_icon=&#8220;&#xe60c;||divi||400&#8243; icon_color=&#8220;#e84e0f&#8220; image_icon_width=&#8220;40px&#8220; admin_label=&#8220;Links&#8220; _builder_version=&#8220;4.16&#8243; header_text_color=&#8220;#e84e0f&#8220; header_font_size=&#8220;26px&#8220; custom_margin=&#8220;25px||||false|false&#8220; icon_font_size=&#8220;40px&#8220; global_colors_info=&#8220;{}&#8220;][\/et_pb_blurb][\/et_pb_column][et_pb_column type=&#8220;3_4&#8243; _builder_version=&#8220;4.16&#8243; custom_padding=&#8220;|||&#8220; global_colors_info=&#8220;{}&#8220; custom_padding__hover=&#8220;|||&#8220;][et_pb_text admin_label=&#8220;Links&#8220; _builder_version=&#8220;4.25.1&#8243; background_color=&#8220;#ffffff&#8220; background_size=&#8220;initial&#8220; background_position=&#8220;top_left&#8220; background_repeat=&#8220;repeat&#8220; custom_margin=&#8220;25px|25px|25px|25px|false|false&#8220; custom_padding=&#8220;25px|25px|25px|25px|false|false&#8220; hover_enabled=&#8220;0&#8243; border_radii=&#8220;on|8px|8px|8px|8px&#8220; border_color_all=&#8220;#12a19a&#8220; global_colors_info=&#8220;{}&#8220; sticky_enabled=&#8220;0&#8243;]<\/p>\n<h3>Hilfreiche Links<\/h3>\n<ul>\n<li><a href=\"https:\/\/medienzentrum-giessen-vogelsberg.de\/2020\/07\/24\/recht-relaxed-das-online-angebot-fuer-junge-leute-vom-bundesministerium-der-justiz-und-fuer-verbraucherschutz\/\" target=\"_blank\" rel=\"noopener noreferrer\"><strong>recht-relaxed.de<\/strong><\/a> | Die \u201ejunge\u201c Homepage des Bundesministeriums der Justiz und f\u00fcr Verbraucherschutz<\/li>\n<li><a href=\"https:\/\/www.zanzu.de\/de\/\" target=\"_blank\" rel=\"noopener noreferrer\"><strong>zanzu.de<\/strong><\/a> | Portal der Bundeszentrale f\u00fcr gesundheitliche Aufkl\u00e4rung, entwickelt in Kooperation mit der belgischen Nichtregierungsorganisation Sensoa<\/li>\n<li><a href=\"https:\/\/www.liebesleben.de\/\" target=\"_blank\" rel=\"noopener noreferrer\"><strong>liebesleben.de<\/strong><\/a> | Kampagne der Bundeszentrale f\u00fcr gesundheitliche Aufkl\u00e4rung<\/li>\n<li><a href=\"https:\/\/www.lilli.ch\/\" target=\"_blank\" rel=\"noopener noreferrer\"><strong>lilli.ch<\/strong><\/a> | Schweizer Online-Angebot rund um Gewaltpr\u00e4vention und sexuelle Gesundheit, u.a. mit einem guten Erkl\u00e4rfilm zum Thema \u201eMenschenrechte\u201c<\/li>\n<\/ul>\n<p>&nbsp;<\/p>\n<p>[\/et_pb_text][\/et_pb_column][\/et_pb_row][\/et_pb_section][et_pb_section fb_built=&#8220;1&#8243; admin_label=&#8220;last&#8220; _builder_version=&#8220;4.16&#8243; background_color=&#8220;#e84e0f&#8220; global_colors_info=&#8220;{}&#8220;][et_pb_row column_structure=&#8220;3_5,2_5&#8243; _builder_version=&#8220;4.16&#8243; background_enable_color=&#8220;off&#8220; background_size=&#8220;initial&#8220; background_position=&#8220;top_left&#8220; background_repeat=&#8220;repeat&#8220; width_tablet=&#8220;&#8220; width_phone=&#8220;&#8220; width_last_edited=&#8220;on|desktop&#8220; global_colors_info=&#8220;{}&#8220;][et_pb_column type=&#8220;3_5&#8243; _builder_version=&#8220;4.16&#8243; custom_padding=&#8220;|||&#8220; global_colors_info=&#8220;{}&#8220; custom_padding__hover=&#8220;|||&#8220;][et_pb_button button_url=&#8220;https:\/\/www.jugendschutz-niedersachsen.de\/sexuelle-gesundheit\/sexuelle-und-reproduktive-rechte\/&#8220; button_text=&#8220;sexuelle und reproduktive Rechte&#8220; button_alignment=&#8220;center&#8220; _builder_version=&#8220;4.16&#8243; custom_margin=&#8220;|2%|||false|false&#8220; global_colors_info=&#8220;{}&#8220;][\/et_pb_button][et_pb_button button_url=&#8220;https:\/\/www.jugendschutz-niedersachsen.de\/sexuelle-gesundheit\/sexuelle-und-reproduktive-rechte\/glossar\/&#8220; button_text=&#8220;Glossar&#8220; button_alignment=&#8220;center&#8220; disabled_on=&#8220;off|off|off&#8220; admin_label=&#8220;Button&#8220; _builder_version=&#8220;4.16&#8243; custom_margin=&#8220;|2%|||false|false&#8220; global_colors_info=&#8220;{}&#8220;][\/et_pb_button][\/et_pb_column][et_pb_column type=&#8220;2_5&#8243; _builder_version=&#8220;4.16&#8243; custom_padding=&#8220;|||&#8220; global_colors_info=&#8220;{}&#8220; custom_padding__hover=&#8220;|||&#8220;][et_pb_team_member name=&#8220;Kai M\u00fcller&#8220; position=&#8220;Der Autor&#8220; image_url=&#8220;https:\/\/www.jugendschutz-niedersachsen.de\/sexges\/wp-content\/uploads\/sites\/12\/2020\/03\/kai_mueller.jpg&#8220; _builder_version=&#8220;4.16&#8243; header_text_color=&#8220;rgba(255,255,255,0.75)&#8220; header_font_size=&#8220;23px&#8220; body_font_size=&#8220;15px&#8220; body_line_height=&#8220;1.1em&#8220; position_font=&#8220;Roboto Condensed|600|||||||&#8220; position_text_color=&#8220;#ffffff&#8220; position_font_size=&#8220;17px&#8220; position_line_height=&#8220;1.2em&#8220; background_layout=&#8220;dark&#8220; module_alignment=&#8220;left&#8220; custom_margin=&#8220;|||2%|false|false&#8220; border_color_all=&#8220;#000000&#8243; border_radii_image=&#8220;on|50%|50%|50%|50%&#8220; border_width_all_image=&#8220;1px&#8220; border_color_all_image=&#8220;#000000&#8243; global_colors_info=&#8220;{}&#8220;]<\/p>\n<p>Diplom- und Sexualp\u00e4dagoge, Dozent des<a href=\"https:\/\/www.isp-sexualpaedagogik.org\/\" target=\"_blank\" rel=\"noopener noreferrer\"> Instituts f\u00fcr Sexualp\u00e4dagogik<\/a><\/p>\n<p>&nbsp;<\/p>\n<p>&nbsp;<\/p>\n<p>[\/et_pb_team_member][\/et_pb_column][\/et_pb_row][\/et_pb_section]<\/p>\n","protected":false},"excerpt":{"rendered":"<p>Sexuelle und reproduktive Rechte: Weitere Informationen und Links f\u00fcr p\u00e4dagogische Fachkr\u00e4fte<\/p>\n","protected":false},"author":1,"featured_media":347,"parent":16,"menu_order":0,"comment_status":"closed","ping_status":"closed","template":"","meta":{"_et_pb_use_builder":"on","_et_pb_old_content":"<h3>Thema sexuelle und reproduktive Rechte<\/h3><ul><li><strong>Kurz und knapp<\/strong> \u2013 als Glossar\/lustige Kreise zum anklicken und dann \u00f6ffnet sich die Erkl\u00e4rung o. \u00e4. (trans*, queer, Homo-,Bi-,Pan-, Hetero-Sexualit\u00e4t, Transition, CSD\/Pride...)<\/li><\/ul><p>\u00a0<\/p><ul><li><strong>Weitere Links<\/strong> f\u00fcr interessierte Fachkr\u00e4fte mit <strong>Hintergrundinfos, praktischen Hinweisen und Arbeitsmaterial<\/strong><\/li><li>Medienprojekt von und f\u00fcr queere Jugendliche mit zahlreichen pr\u00e4mierten Kurzfilmen - <a href=\"https:\/\/www.youtube.com\/queerblick\">https:\/\/www.youtube.com\/queerblick<\/a><\/li><li>Informationsportal zu queerer Geschichte - <a href=\"http:\/\/queerhistory.de\/\">http:\/\/queerhistory.de\/<\/a><\/li><li>Informationsportal der Bundesregierung mit Anlaufstellen, Materialien und Informationen \u2013 auch f\u00fcr Fachkr\u00e4fte - <a href=\"https:\/\/www.regenbogenportal.de\/\">https:\/\/www.regenbogenportal.de\/<\/a><\/li><li>Landesjugendring Niedersachsen: Praxisbuch Queere Vielfalt - <a href=\"https:\/\/www.ljr.de\/uploads\/tx_ttproducts\/datasheet\/praxisbuch-Q_WEB.pdf\">https:\/\/www.ljr.de\/uploads\/tx_ttproducts\/datasheet\/praxisbuch-Q_WEB.pdf<\/a><\/li><li>LSVD: Homosexualit\u00e4t und Familie - <a href=\"http:\/\/www.bildung-beratung.lsvd.de\/material_handbuch.html\">http:\/\/www.bildung-beratung.lsvd.de\/material_handbuch.html<\/a><\/li><li>LSVD: Elternbrosch\u00fcre - <a href=\"http:\/\/www.lsvd.de\/fileadmin\/pics\/Dokumente\/family\/da_fiel_ich_aus_allen_wolken.pdf\">http:\/\/www.lsvd.de\/fileadmin\/pics\/Dokumente\/family\/da_fiel_ich_aus_allen_wolken.pdf<\/a><\/li><li>LSVD: Literaturtips (Regenbogenfamilien und LSBT*Q Jugendliche) - <a href=\"https:\/\/www.lsvd.de\/fileadmin\/pics\/Dokumente\/family\/Beratungsfuehrer\/3_a-Kinder-Jugendbuecher.pdf\">https:\/\/www.lsvd.de\/fileadmin\/pics\/Dokumente\/family\/Beratungsfuehrer\/3_a-Kinder-Jugendbuecher.pdf<\/a><\/li><li>BZgA: Heterosexuell? Homosexuell? - <a href=\"http:\/\/www.bzga.de\/infomaterialien\/sexualaufklaerung\/?ab=20\">http:\/\/www.bzga.de\/infomaterialien\/sexualaufklaerung\/?ab=20<\/a><\/li><li>Koordinierungsstelle f\u00fcr gleichgeschlechtliche Lebensweisen: Fachkr\u00e4ftebefragung - <a href=\"https:\/\/www.muenchen.de\/rathaus\/Stadtverwaltung\/Direktorium\/Koordinierungsstelle-fuer-gleichgeschlechtliche-Lebensweisen\/Publikationen.html\">https:\/\/www.muenchen.de\/rathaus\/Stadtverwaltung\/Direktorium\/Koordinierungsstelle-fuer-gleichgeschlechtliche-Lebensweisen\/Publikationen.html<\/a><\/li><li>DJI: Brosch\u00fcre Coming-out \u2013 und dann\u2026?! - <a href=\"http:\/\/www.dji.de\/coming_out\">dji.de\/coming_out<\/a><\/li><li>DJI: Buch Coming-out \u2013 und dann\u2026?! - beziehbar \u00fcber die Bundeszentrale f\u00fcr politische Bildung<\/li><li><strong>Konkrete Ansprechpersonen bzw. Institutionen<\/strong>, die man f\u00fcr die Arbeit einladen, anfragen kann mit Link zur Website<\/li><\/ul><p>\u00a0<\/p><ul><li>In&Out Jugendberatung (Online) - <a href=\"https:\/\/www.comingout.de\/\">https:\/\/www.comingout.de\/<\/a><\/li><\/ul><p>\u00a0<\/p><ul><li>Infoseite f\u00fcr junge trans*, inter* und genderqueere Menschen - <a href=\"http:\/\/www.meingeschlecht.de\/\">http:\/\/www.meingeschlecht.de\/<\/a><\/li><li>Plattform f\u00fcr schwule und bisexuelle Jungen* - <a href=\"https:\/\/www.dbna.de\/\">https:\/\/www.dbna.de<\/a><\/li><li>Plattform f\u00fcr lesbische und bisexuelle M\u00e4dchen* - <a href=\"http:\/\/www.gorizi.de\/\">http:\/\/www.gorizi.de<\/a><\/li><\/ul><ul><li>QNN \u2013 Queeres Netzwerk Niedersachsen \u2013 mit Auflistung aller lokalen Ansprechgruppen<\/li><li>SchLAU Niedersachsen<\/li><li>Queeres Jugendzentren Hannover<\/li><li>QJN \u2013 Queere Jugend Niedersachsen \u2013 mit Auflistung aller Jugendgruppen<\/li><\/ul>","_et_gb_content_width":"","footnotes":""},"class_list":["post-18","page","type-page","status-publish","has-post-thumbnail","hentry"],"_links":{"self":[{"href":"https:\/\/www.jugendschutz-niedersachsen.de\/sexuelle-gesundheit\/wp-json\/wp\/v2\/pages\/18","targetHints":{"allow":["GET"]}}],"collection":[{"href":"https:\/\/www.jugendschutz-niedersachsen.de\/sexuelle-gesundheit\/wp-json\/wp\/v2\/pages"}],"about":[{"href":"https:\/\/www.jugendschutz-niedersachsen.de\/sexuelle-gesundheit\/wp-json\/wp\/v2\/types\/page"}],"author":[{"embeddable":true,"href":"https:\/\/www.jugendschutz-niedersachsen.de\/sexuelle-gesundheit\/wp-json\/wp\/v2\/users\/1"}],"replies":[{"embeddable":true,"href":"https:\/\/www.jugendschutz-niedersachsen.de\/sexuelle-gesundheit\/wp-json\/wp\/v2\/comments?post=18"}],"version-history":[{"count":27,"href":"https:\/\/www.jugendschutz-niedersachsen.de\/sexuelle-gesundheit\/wp-json\/wp\/v2\/pages\/18\/revisions"}],"predecessor-version":[{"id":1316,"href":"https:\/\/www.jugendschutz-niedersachsen.de\/sexuelle-gesundheit\/wp-json\/wp\/v2\/pages\/18\/revisions\/1316"}],"up":[{"embeddable":true,"href":"https:\/\/www.jugendschutz-niedersachsen.de\/sexuelle-gesundheit\/wp-json\/wp\/v2\/pages\/16"}],"wp:featuredmedia":[{"embeddable":true,"href":"https:\/\/www.jugendschutz-niedersachsen.de\/sexuelle-gesundheit\/wp-json\/wp\/v2\/media\/347"}],"wp:attachment":[{"href":"https:\/\/www.jugendschutz-niedersachsen.de\/sexuelle-gesundheit\/wp-json\/wp\/v2\/media?parent=18"}],"curies":[{"name":"wp","href":"https:\/\/api.w.org\/{rel}","templated":true}]}}