{"id":16,"date":"2020-02-10T11:10:42","date_gmt":"2020-02-10T10:10:42","guid":{"rendered":"https:\/\/www.jugendschutz-niedersachsen.de\/sexges\/?page_id=16"},"modified":"2020-06-11T10:45:31","modified_gmt":"2020-06-11T08:45:31","slug":"sexuelle-und-reproduktive-rechte","status":"publish","type":"page","link":"https:\/\/www.jugendschutz-niedersachsen.de\/sexuelle-gesundheit\/sexuelle-und-reproduktive-rechte\/","title":{"rendered":"sexuelle und reproduktive Rechte"},"content":{"rendered":"<p>[et_pb_section fb_built=&#8220;1&#8243; fullwidth=&#8220;on&#8220; _builder_version=&#8220;4.3.4&#8243; background_color=&#8220;rgba(0,0,0,0)&#8220;][et_pb_fullwidth_header title=&#8220;sexuelle und reproduktive Rechte&#8220; subhead=&#8220;Sexuelle und reproduktive Rechte sind Menschenrechte!&#8220; _builder_version=&#8220;4.4.1&#8243; title_font=&#8220;||||||||&#8220; subhead_font=&#8220;|600|||||||&#8220; subhead_text_color=&#8220;rgba(255,255,255,0.7)&#8220; background_color=&#8220;#e84e0f&#8220; custom_margin=&#8220;||||false|false&#8220; custom_padding=&#8220;20px||20px||false|false&#8220;][\/et_pb_fullwidth_header][\/et_pb_section][et_pb_section fb_built=&#8220;1&#8243; admin_label=&#8220;Einleitung&#8220; _builder_version=&#8220;4.3.3&#8243; background_color=&#8220;rgba(232,78,15,0.15)&#8220;][et_pb_row column_structure=&#8220;1_4,3_4&#8243; _builder_version=&#8220;4.3.4&#8243; background_size=&#8220;initial&#8220; background_position=&#8220;top_left&#8220; background_repeat=&#8220;repeat&#8220;][et_pb_column type=&#8220;1_4&#8243; _builder_version=&#8220;3.25&#8243; custom_padding=&#8220;|||&#8220; custom_padding__hover=&#8220;|||&#8220;][et_pb_image src=&#8220;https:\/\/www.jugendschutz-niedersachsen.de\/sexges\/wp-content\/uploads\/sites\/12\/2020\/02\/sexuelle_gesundheit_sexuelle_vielfalt.jpg&#8220; alt=&#8220;Sexuelle und reproduktive Rechte sind Menschenrechte! | Jugendschutz &#038; sexuelle Gesundheit&#8220; title_text=&#8220;Sexuelle und reproduktive Rechte sind Menschenrechte!  | Jugendschutz &#038; sexuelle Gesundheit&#8220; _builder_version=&#8220;4.4.8&#8243; border_radii=&#8220;on|50%|50%|50%|50%&#8220; border_width_all=&#8220;1px&#8220; border_color_all=&#8220;#000000&#8243;][\/et_pb_image][\/et_pb_column][et_pb_column type=&#8220;3_4&#8243; _builder_version=&#8220;3.25&#8243; custom_padding=&#8220;|||&#8220; custom_padding__hover=&#8220;|||&#8220;][et_pb_text admin_label=&#8220;Sexuelle und reproduktive Rechte sind Menschenrechte!&#8220; _builder_version=&#8220;4.4.6&#8243; header_2_text_color=&#8220;#e84e0f&#8220; header_3_text_color=&#8220;#e84e0f&#8220; background_size=&#8220;initial&#8220; background_position=&#8220;top_left&#8220; background_repeat=&#8220;repeat&#8220;]<\/p>\n<h3>Sexuelle und reproduktive Rechte sind Menschenrechte!<\/h3>\n<p><strong>Sie gelten somit f\u00fcr alle Menschen, sind unver\u00e4u\u00dferlich und universell, und wurden von der International Planned Parenthood Federation (kurz IPPF) im November 1995 verabschiedet<sup>[*]<\/sup> und von der UN-Generalversammlung im September 2014 erneut best\u00e4tigt.<\/strong><\/p>\n<p>Gem\u00e4\u00df dem sechsten Punkt der Charta haben alle Menschen das Recht auf Information und Bildung. Daher ist es von zentraler Wichtigkeit, dass Jugendliche \u00fcber ihre Rechte informiert sind. Aus diesem Grundrecht Jugendlicher leitet sich eine Pflicht f\u00fcr Fachkr\u00e4fte ab.<\/p>\n<h6>[*] <a href=\"https:\/\/www.profamilia.de\/fileadmin\/profamilia\/ippf_charta.pdf\" target=\"_blank\" rel=\"noopener noreferrer\">https:\/\/www.profamilia.de\/fileadmin\/profamilia\/ippf_charta.pdf<\/a>, eingesehen am 10.02.2020, 12:58 Uhr<\/h6>\n<p>[\/et_pb_text][\/et_pb_column][\/et_pb_row][\/et_pb_section][et_pb_section fb_built=&#8220;1&#8243; admin_label=&#8220;Im Detail&#8220; _builder_version=&#8220;4.4.1&#8243; background_color=&#8220;rgba(232,78,15,0.08)&#8220;][et_pb_row _builder_version=&#8220;4.3.4&#8243; background_size=&#8220;initial&#8220; background_position=&#8220;top_left&#8220; background_repeat=&#8220;repeat&#8220;][et_pb_column type=&#8220;4_4&#8243; _builder_version=&#8220;3.25&#8243; custom_padding=&#8220;|||&#8220; custom_padding__hover=&#8220;|||&#8220;][et_pb_text admin_label=&#8220;Im Detail gilt es, Jugendlichen folgende Rechte zu vermitteln:&#8220; module_class=&#8220;liste_num&#8220; _builder_version=&#8220;4.4.6&#8243; header_2_text_color=&#8220;#e84e0f&#8220; header_3_text_color=&#8220;#e84e0f&#8220; background_size=&#8220;initial&#8220; background_position=&#8220;top_left&#8220; background_repeat=&#8220;repeat&#8220;]<\/p>\n<h3>Jugendliche \u00fcber sexuelle und reproduktive Rechte zu informieren, ist ein \u201eMust have\u201c!<\/h3>\n<p><strong>Im Detail gilt es, Jugendlichen folgende Rechte zu vermitteln:<\/strong><\/p>\n<ol>\n<li>Das Recht auf Leben<\/li>\n<li>Das Recht auf Freiheit und Unversehrtheit der Person<\/li>\n<li>Das Recht auf Gleichheit und darauf, keiner Form der Diskriminierung ausgesetzt zu sein<\/li>\n<li>Das Recht auf Privatsph\u00e4re<\/li>\n<li>Das Recht auf Gedankenfreiheit<\/li>\n<li>Das Recht auf Information und Bildung<\/li>\n<li>Das Recht auf freie Entscheidung f\u00fcr oder gegen Ehe und die Gr\u00fcndung und Planung einer Familie<\/li>\n<li>Das Recht zu entscheiden, ob und wann die Geburt eigener Kinder erw\u00fcnscht ist<\/li>\n<li>Das Recht auf Gesundheitsversorgung und Gesundheitsschutz<\/li>\n<li>Das Recht auf den Nutzen des wissenschaftlichen Fortschritts<\/li>\n<li>Das Recht auf Versammlungsfreiheit und politische Beteiligung<\/li>\n<li>Das Recht auf Schutz vor Folter und Misshandlung<\/li>\n<\/ol>\n<p>Zu besprechende Themen sollten in diesem Zusammenhang also Verh\u00fctung von sexuell \u00fcbertragbaren Infektionen, Schwangerschaft, Schwangerschaftsabbruch und Elternschaft sowie das Erleben von Sexualit\u00e4t unabh\u00e4ngig von Fortpflanzung sein. Die F\u00f6rderung und Achtung sexueller Gesundheit meint die Erm\u00f6glichung eines sozialen, geistigen, k\u00f6rperlichen und gef\u00fchlsm\u00e4\u00dfigen Wohlbefindens \u2013 und damit auch den Schutz der sexuellen Selbstbestimmung.<\/p>\n<p>[\/et_pb_text][\/et_pb_column][\/et_pb_row][\/et_pb_section][et_pb_section fb_built=&#8220;1&#8243; admin_label=&#8220;Sektion&#8220; _builder_version=&#8220;4.4.1&#8243; background_color=&#8220;rgba(232,78,15,0.23)&#8220;][et_pb_row column_structure=&#8220;3_4,1_4&#8243; _builder_version=&#8220;4.4.1&#8243; background_size=&#8220;initial&#8220; background_position=&#8220;top_left&#8220; background_repeat=&#8220;repeat&#8220;][et_pb_column type=&#8220;3_4&#8243; _builder_version=&#8220;3.25&#8243; custom_padding=&#8220;|||&#8220; custom_padding__hover=&#8220;|||&#8220;][et_pb_text admin_label=&#8220;Sexuelle Selbstbestimmung f\u00f6rdern und sch\u00fctzen!&#8220; _builder_version=&#8220;4.4.6&#8243; header_2_text_color=&#8220;#e84e0f&#8220; header_3_text_color=&#8220;#e84e0f&#8220; background_size=&#8220;initial&#8220; background_position=&#8220;top_left&#8220; background_repeat=&#8220;repeat&#8220;]<\/p>\n<h2>Sexuelle Selbstbestimmung f\u00f6rdern und sch\u00fctzen!<\/h2>\n<p><strong>Sexuelle Selbstbestimmung bedeutet, dass jeder Mensch jederzeit \u00fcber seine Sexualit\u00e4t frei und ohne Beeinflussung von anderen bestimmen darf. Dies beinhaltet die Entscheidung, wo, wann, wie und mit wem Sexualit\u00e4t gelebt wird oder eben auch nicht.<\/strong><\/p>\n<p>Dabei gilt dieses Recht nat\u00fcrlich f\u00fcr alle Beteiligten gleicherma\u00dfen. Gesellschaftlich leben wir in einer Zeit der Konsens- bzw. Verhandlungsmoral, was bedeutet, dass Menschen auf Augenh\u00f6he ihr Zusammenleben und -lieben miteinander besprechen und gemeinsam dar\u00fcber entscheiden.<\/p>\n<p>In diesem Zusammenhang sei darauf hingewiesen, dass sich aus \u00a7 176 Strafgesetzbuch eine sogenannte absolute Schutzaltersgrenze ergibt, aus der abgeleitet werden kann, dass junge Menschen rechtlich gesehen erst ab Vollendung des 14. Lebensjahres selbstbestimmt \u00fcber ihre Sexualit\u00e4t entscheiden d\u00fcrfen. Oder mit anderen Worten: Dem Gesetz folgend d\u00fcrfen Menschen in Deutschland erst ab dem 14. Lebensjahr sexuelle Handlungen an und mit anderen vornehmen. Dies entbindet aber nicht von der Pflicht der Fachkraft, auch schon j\u00fcngere Jugendliche gem\u00e4\u00df der o.g. Rechte zu informieren \u2013 denn Menschen sind von Geburt an sexuelle Wesen und Aufkl\u00e4rung und Erziehung somit altersangemessen schon von Geburt an relevant. <\/p>\n<p>[\/et_pb_text][\/et_pb_column][et_pb_column type=&#8220;1_4&#8243; _builder_version=&#8220;3.25&#8243; custom_padding=&#8220;|||&#8220; custom_padding__hover=&#8220;|||&#8220;][et_pb_image src=&#8220;https:\/\/www.jugendschutz-niedersachsen.de\/sexges\/wp-content\/uploads\/sites\/12\/2020\/05\/sexuelle-selbstbestimmung.jpg&#8220; alt=&#8220;Sexuelle Selbstbestimmung Jugendliche | Jugendschutz &#038; sexuelle Gesundheit&#8220; title_text=&#8220;Sexuelle Selbstbestimmung Jugendliche | Jugendschutz &#038; sexuelle Gesundheit&#8220; _builder_version=&#8220;4.4.8&#8243; border_radii=&#8220;on|50%|50%|50%|50%&#8220; border_width_all=&#8220;1px&#8220; border_color_all=&#8220;#000000&#8243;][\/et_pb_image][\/et_pb_column][\/et_pb_row][\/et_pb_section][et_pb_section fb_built=&#8220;1&#8243; admin_label=&#8220;Sektion&#8220; _builder_version=&#8220;4.4.1&#8243; background_color=&#8220;rgba(232,78,15,0.13)&#8220;][et_pb_row column_structure=&#8220;1_2,1_2&#8243; _builder_version=&#8220;4.4.1&#8243; background_size=&#8220;initial&#8220; background_position=&#8220;top_left&#8220; background_repeat=&#8220;repeat&#8220;][et_pb_column type=&#8220;1_2&#8243; _builder_version=&#8220;3.25&#8243; custom_padding=&#8220;|||&#8220; custom_padding__hover=&#8220;|||&#8220;][et_pb_image src=&#8220;https:\/\/www.jugendschutz-niedersachsen.de\/sexges\/wp-content\/uploads\/sites\/12\/2020\/03\/rechtslage_sexualitaet_jugendliche.jpg&#8220; alt=&#8220;Strafbarkeit sexuelle Handlungen | Jugendschutz &#038; sexuelle Gesundheit&#8220; title_text=&#8220;Strafbarkeit sexuelle Handlungen | Jugendschutz &#038; sexuelle Gesundheit&#8220; show_in_lightbox=&#8220;on&#8220; admin_label=&#8220;Grafik Rechtslage&#8220; _builder_version=&#8220;4.4.8&#8243; border_radii=&#8220;on|50px|50px|50px|50px&#8220; border_width_all=&#8220;1px&#8220; border_color_all=&#8220;#000000&#8243;][\/et_pb_image][\/et_pb_column][et_pb_column type=&#8220;1_2&#8243; _builder_version=&#8220;3.25&#8243; custom_padding=&#8220;|||&#8220; custom_padding__hover=&#8220;|||&#8220;][et_pb_text admin_label=&#8220;Deutlich wird an dieser Stelle aber auch, &#8230;&#8220; _builder_version=&#8220;4.4.1&#8243; header_2_text_color=&#8220;#e84e0f&#8220; header_3_text_color=&#8220;#e84e0f&#8220; background_size=&#8220;initial&#8220; background_position=&#8220;top_left&#8220; background_repeat=&#8220;repeat&#8220;]<\/p>\n<p><strong>Deutlich wird an dieser Stelle aber auch, dass jegliche sexuelle Handlungen an oder vor Kindern unter 14 Jahren grunds\u00e4tzlich verboten sind!<\/strong><\/p>\n<p>Selbstbestimmung setzt n\u00e4mlich voraus, dass Entscheidungen nicht nur eigenverantwortlich getroffen werden, sondern die Tragweite der Entscheidung f\u00fcr die*den Entscheider*in absehbar ist. Der Gesetzgeber hat hierf\u00fcr die Altersgrenze von 14 Jahren festgelegt.<\/p>\n<p>Auch die Sexualit\u00e4t \u00e4lterer Jugendlicher wird vom Staat unter besonderen Schutz gestellt, weitere Altersgrenzen sind 16 und 18 Jahre. Die Grafik fasst die aktuelle Rechtslage zusammen.<\/p>\n<p>[\/et_pb_text][\/et_pb_column][\/et_pb_row][\/et_pb_section][et_pb_section fb_built=&#8220;1&#8243; admin_label=&#8220;Sektion&#8220; _builder_version=&#8220;4.4.1&#8243; background_color=&#8220;rgba(232,78,15,0.25)&#8220;][et_pb_row _builder_version=&#8220;4.4.1&#8243; background_size=&#8220;initial&#8220; background_position=&#8220;top_left&#8220; background_repeat=&#8220;repeat&#8220;][et_pb_column type=&#8220;4_4&#8243; _builder_version=&#8220;3.25&#8243; custom_padding=&#8220;|||&#8220; custom_padding__hover=&#8220;|||&#8220;][et_pb_text admin_label=&#8220;Jugendliche respektieren!&#8220; _builder_version=&#8220;4.4.6&#8243; header_2_text_color=&#8220;#e84e0f&#8220; header_3_text_color=&#8220;#e84e0f&#8220; background_size=&#8220;initial&#8220; background_position=&#8220;top_left&#8220; background_repeat=&#8220;repeat&#8220;]<\/p>\n<h3>Jugendliche respektieren!<\/h3>\n<p>Die Vermittlung der sexuellen und reproduktiven Rechte erfordert eine klare Haltung der Fachkr\u00e4fte. Sie m\u00fcssen stets darauf achten, ihr Gegen\u00fcber zu respektieren, was sowohl die Aufgeschlossenheit gegen\u00fcber den Fragen betrifft, als auch ehrlichem und erlaubtem Desinteresse der Jugendlichen. \u200b Sexuelle Selbstbestimmung kann sich dann gesund entfalten, wenn es gelingt, mit sich und der Zielgruppe r\u00fccksichtsvoll umzugehen und die vielf\u00e4ltigen W\u00fcnsche und Zugangswege im Blick zu behalten.<\/p>\n<p>[\/et_pb_text][\/et_pb_column][\/et_pb_row][\/et_pb_section][et_pb_section fb_built=&#8220;1&#8243; admin_label=&#8220;last&#8220; _builder_version=&#8220;4.4.1&#8243; background_color=&#8220;#e84e0f&#8220;][et_pb_row column_structure=&#8220;3_5,2_5&#8243; _builder_version=&#8220;4.3.2&#8243; background_enable_color=&#8220;off&#8220; background_size=&#8220;initial&#8220; background_position=&#8220;top_left&#8220; background_repeat=&#8220;repeat&#8220; width_tablet=&#8220;&#8220; width_phone=&#8220;&#8220; width_last_edited=&#8220;on|desktop&#8220;][et_pb_column type=&#8220;3_5&#8243; _builder_version=&#8220;3.25&#8243; custom_padding=&#8220;|||&#8220; custom_padding__hover=&#8220;|||&#8220;][et_pb_button button_url=&#8220;https:\/\/www.jugendschutz-niedersachsen.de\/sexuelle-gesundheit\/sexuelle-und-reproduktive-rechte\/weitere-informationen-und-links-fuer-paedagogische-fachkraefte\/&#8220; button_text=&#8220;Weitere Informationen und Links f\u00fcr p\u00e4dagogische Fachkr\u00e4fte &#8220; button_alignment=&#8220;center&#8220; _builder_version=&#8220;4.4.8&#8243; custom_margin=&#8220;|2%|||false|false&#8220;][\/et_pb_button][et_pb_button button_url=&#8220;https:\/\/www.jugendschutz-niedersachsen.de\/sexuelle-gesundheit\/sexuelle-und-reproduktive-rechte\/glossar\/&#8220; button_text=&#8220;Glossar&#8220; button_alignment=&#8220;center&#8220; disabled_on=&#8220;off|off|off&#8220; admin_label=&#8220;Button&#8220; _builder_version=&#8220;4.4.8&#8243; custom_margin=&#8220;|2%|||false|false&#8220; hover_enabled=&#8220;0&#8243;][\/et_pb_button][\/et_pb_column][et_pb_column type=&#8220;2_5&#8243; _builder_version=&#8220;3.25&#8243; custom_padding=&#8220;|||&#8220; custom_padding__hover=&#8220;|||&#8220;][et_pb_team_member name=&#8220;Kai M\u00fcller&#8220; position=&#8220;Der Autor&#8220; image_url=&#8220;https:\/\/www.jugendschutz-niedersachsen.de\/sexges\/wp-content\/uploads\/sites\/12\/2020\/03\/kai_mueller.jpg&#8220; _builder_version=&#8220;4.4.8&#8243; header_text_color=&#8220;rgba(255,255,255,0.75)&#8220; header_font_size=&#8220;23px&#8220; body_font_size=&#8220;15px&#8220; body_line_height=&#8220;1.1em&#8220; position_font=&#8220;Roboto Condensed|600|||||||&#8220; position_text_color=&#8220;#ffffff&#8220; position_font_size=&#8220;17px&#8220; position_line_height=&#8220;1.2em&#8220; background_layout=&#8220;dark&#8220; module_alignment=&#8220;left&#8220; custom_margin=&#8220;|||2%|false|false&#8220; border_color_all=&#8220;#000000&#8243; border_radii_image=&#8220;on|50%|50%|50%|50%&#8220; border_width_all_image=&#8220;1px&#8220; border_color_all_image=&#8220;#000000&#8243;]<\/p>\n<p>Diplom- und Sexualp\u00e4dagoge, Dozent des<a href=\"https:\/\/www.isp-sexualpaedagogik.org\/\" target=\"_blank\" rel=\"noopener noreferrer\"> Instituts f\u00fcr Sexualp\u00e4dagogik<\/a><\/p>\n<p>&nbsp;<\/p>\n<p>&nbsp;<\/p>\n<p>[\/et_pb_team_member][\/et_pb_column][\/et_pb_row][\/et_pb_section]<\/p>\n","protected":false},"excerpt":{"rendered":"<p>Jugendschutz &#038; sexuelle Gesundheit: Sexuelle und reproduktive Rechte sind Menschenrechte! Jugendliche \u00fcber sexuelle und reproduktive Rechte zu informieren, ist ein \u201eMust have\u201c!<\/p>\n","protected":false},"author":1,"featured_media":347,"parent":0,"menu_order":4,"comment_status":"closed","ping_status":"closed","template":"","meta":{"_et_pb_use_builder":"on","_et_pb_old_content":"<ul><li>Geschlechtliche und sexuelle Vielfalt \u2013 F\u00fcr wen ist das wichtig?<\/li><\/ul><ul><li>Schmetterlinge im Bauch; die Aufregung vor dem ersten Date; das ber\u00fchmte \u201aErste Mal\u2018; Gel\u00e4chter auf dem Schulhof; Flirten im Jugendzentrum; peinliche Fragen; Fragen danach \u201awer bin Ich?\u2018, \u201aWen mag ich?\u2018 und \u201aWas finde ich eigentlich attraktiv?\u2018 \u2192 Ist relevant im p\u00e4dagogischen Alltag<\/li><li>sexuelle Orientierung und geschlechtliche Identit\u00e4t sind zentrale Teile des Jugendalters und die Besch\u00e4ftigung mit diesen Themen ist eine gewichtige Entwicklungsaufgabe \u2192 Ist f\u00fcr die Jugendlichen selbst und f\u00fcr ihre Entwicklung wichtiger Punkt der Auseinandersetzung<\/li><li>Das Akronym LGBT \u2013 den Buchstabenwald \u2013 es ist ein Dschungel und warum eine bestimmte Bezeichnung f\u00fcr Personen wichtig ist, erfahren wir oft erst im direkten Gespr\u00e4ch. Also: Nachfragen<\/li><\/ul><ul><li>Das Gef\u00fchl \u201aanders\u2018 zu sein \u2013 Gibt es das heute noch?<\/li><\/ul><ul><li>In der Zeit von Troye Sivan und Jens Spahn; nikkie de Jager (Make Up Youtube Star) und Serien wie Pose und Steven Universe<\/li><li>Unterscheidung von Akzeptanz und Normalit\u00e4t<\/li><li>Relevanz und Formen von Diskriminierung - psychosoziale Situation<ul><li>Grafik des DJI: Diskriminierungsformen hier einf\u00fcgen<\/li><\/ul><\/li><li>zus\u00e4tzlich eigener Druck und best\u00e4ndiges Gef\u00fchl auf der Hut sein zu m\u00fcssen<\/li><\/ul><ul><li>Unerkannt und unsichtbar oder stolz und streitlustig - Sind \u00fcberhaupt queere Jugendliche in meiner Einrichtung?<\/li><\/ul><ul><li>Zeitpunkte des Coming-out \u2013 und lange Zwischenzeiten<ul><li>Grafik des DJI: Zeitpunkte des CO hier einf\u00fcgen<\/li><\/ul><\/li><li>Anwesenheit sicherlich \u2013 Coming-out auch oft bei Wechsel p\u00e4dagogischer Institutionen<\/li><li>Jugendliche zeigen sich auf unterschiedliche Weisen - unterschiedliche Prozesse der Auseinandersetzung, die individuell sehr verschieden sind \u2013 teilweise auch offensiv<\/li><\/ul><ul><li>Aufkl\u00e4rung, Ansprache, Unterst\u00fctzung... \u2013 Was brauchen Jugendliche von p\u00e4dagogischen Fachkr\u00e4ften?<\/li><\/ul><ul><li>Coming-out muss selbstbestimmt sein \u2013 k\u00f6nnen und d\u00fcrfen wir nicht eingreifen<\/li><li>aber 1: Einrichtung rahmen \u2013 K\u00f6nnen wir Selbstorganisation unterst\u00fctzen und Raum f\u00fcr eine queere Jugendgruppe schaffen? Gibt es queere B\u00fccher und Filme und zeigen wir diese selbstverst\u00e4ndlich auf dem Filmabend? Haben wir Poster und ein Selbstverst\u00e4ndnis, die queere Menschen und Themen willkommen hei\u00dfen und \u00f6ffentlich zeigen?<\/li><li>und 2: Aktiv werden \u2013 Wissen wir, was Begriffe wie Coming-out, Transsexualit\u00e4t und bisexuell bedeuten? Schreiten wir bei Diskriminierung ein und signalisieren Unterst\u00fctzung und Offenheit? Denken wir gemeinsam dar\u00fcber nach, wie sich Geschlechtertrennung in Gruppeneinteilungen, \u00dcbernachtungen und Toiletten eventuell anders organisieren l\u00e4sst? Laden wir Aufkl\u00e4rungsgruppen oder \u00e4hnliches mal in die Einrichtung ein?<\/li><li>sowie 3: Ansprechbar sein \u2013 Wissen wir, welches die n\u00e4chsten Beratungsstellen sind? Reagieren aber auch nicht direkt mit einem Beratungshinweis, wenn Jugendliche mit dem Thema auf uns zukommen? Fragen wir nach, warum sie uns das Erz\u00e4hlen, wie es ihnen geht und was sie ggf. brauchen?<\/li><li>wir f\u00fchlen uns auch im unterschiedlichen Ma\u00dfe zum Thema kompetent und wohl \u2013 Verweisungskompetenz entwickeln, in der eigenen Einrichtung oder auf andere Einrichtungen \u2013 unten finden sich einige Anlaufstellen<\/li><\/ul>","_et_gb_content_width":"","footnotes":""},"class_list":["post-16","page","type-page","status-publish","has-post-thumbnail","hentry"],"_links":{"self":[{"href":"https:\/\/www.jugendschutz-niedersachsen.de\/sexuelle-gesundheit\/wp-json\/wp\/v2\/pages\/16","targetHints":{"allow":["GET"]}}],"collection":[{"href":"https:\/\/www.jugendschutz-niedersachsen.de\/sexuelle-gesundheit\/wp-json\/wp\/v2\/pages"}],"about":[{"href":"https:\/\/www.jugendschutz-niedersachsen.de\/sexuelle-gesundheit\/wp-json\/wp\/v2\/types\/page"}],"author":[{"embeddable":true,"href":"https:\/\/www.jugendschutz-niedersachsen.de\/sexuelle-gesundheit\/wp-json\/wp\/v2\/users\/1"}],"replies":[{"embeddable":true,"href":"https:\/\/www.jugendschutz-niedersachsen.de\/sexuelle-gesundheit\/wp-json\/wp\/v2\/comments?post=16"}],"version-history":[{"count":49,"href":"https:\/\/www.jugendschutz-niedersachsen.de\/sexuelle-gesundheit\/wp-json\/wp\/v2\/pages\/16\/revisions"}],"predecessor-version":[{"id":1263,"href":"https:\/\/www.jugendschutz-niedersachsen.de\/sexuelle-gesundheit\/wp-json\/wp\/v2\/pages\/16\/revisions\/1263"}],"wp:featuredmedia":[{"embeddable":true,"href":"https:\/\/www.jugendschutz-niedersachsen.de\/sexuelle-gesundheit\/wp-json\/wp\/v2\/media\/347"}],"wp:attachment":[{"href":"https:\/\/www.jugendschutz-niedersachsen.de\/sexuelle-gesundheit\/wp-json\/wp\/v2\/media?parent=16"}],"curies":[{"name":"wp","href":"https:\/\/api.w.org\/{rel}","templated":true}]}}