{"id":1159,"date":"2020-06-03T17:36:09","date_gmt":"2020-06-03T15:36:09","guid":{"rendered":"https:\/\/www.jugendschutz-niedersachsen.de\/sexges\/?page_id=1159"},"modified":"2025-06-23T15:45:38","modified_gmt":"2025-06-23T13:45:38","slug":"weiterfuehrende-hinweise","status":"publish","type":"page","link":"https:\/\/www.jugendschutz-niedersachsen.de\/sexuelle-gesundheit\/jugendschutz-sexuelle-gesundheit\/weiterfuehrende-hinweise\/","title":{"rendered":"Weiterf\u00fchrende Hinweise"},"content":{"rendered":"<p>[et_pb_section fb_built=&#8220;1&#8243; fullwidth=&#8220;on&#8220; _builder_version=&#8220;4.16&#8243; background_color=&#8220;rgba(0,0,0,0)&#8220; global_colors_info=&#8220;{}&#8220;][et_pb_fullwidth_header title=&#8220;Jugendschutz &#038; sexuelle Gesundheit&#8220; subhead=&#8220;Weitere Informationen und Links f\u00fcr p\u00e4dagogische Fachkr\u00e4fte&#8220; _builder_version=&#8220;4.16&#8243; title_font=&#8220;||||||||&#8220; subhead_font=&#8220;|600|||||||&#8220; subhead_text_color=&#8220;rgba(255,255,255,0.7)&#8220; custom_margin=&#8220;||||false|false&#8220; custom_padding=&#8220;20px||20px||false|false&#8220; global_colors_info=&#8220;{}&#8220;][\/et_pb_fullwidth_header][\/et_pb_section][et_pb_section fb_built=&#8220;1&#8243; _builder_version=&#8220;4.16&#8243; background_color=&#8220;rgba(229,6,82,0.2)&#8220; global_colors_info=&#8220;{}&#8220;][et_pb_row column_structure=&#8220;1_4,3_4&#8243; make_equal=&#8220;on&#8220; _builder_version=&#8220;4.16&#8243; background_size=&#8220;initial&#8220; background_position=&#8220;top_left&#8220; background_repeat=&#8220;repeat&#8220; global_colors_info=&#8220;{}&#8220;][et_pb_column type=&#8220;1_4&#8243; _builder_version=&#8220;4.16&#8243; custom_padding=&#8220;|||&#8220; global_colors_info=&#8220;{}&#8220; custom_padding__hover=&#8220;|||&#8220;][et_pb_blurb title=&#8220;Weiterf\u00fchrende Hinweise&#8220; use_icon=&#8220;on&#8220; font_icon=&#8220;&#xe60c;||divi||400&#8243; image_icon_width=&#8220;40px&#8220; admin_label=&#8220;Hinweise&#8220; _builder_version=&#8220;4.16&#8243; header_text_color=&#8220;#e50652&#8243; header_font_size=&#8220;26px&#8220; custom_margin=&#8220;25px||||false|false&#8220; icon_font_size=&#8220;40px&#8220; global_colors_info=&#8220;{}&#8220;][\/et_pb_blurb][\/et_pb_column][et_pb_column type=&#8220;3_4&#8243; _builder_version=&#8220;4.16&#8243; custom_padding=&#8220;|||&#8220; global_colors_info=&#8220;{}&#8220; custom_padding__hover=&#8220;|||&#8220;][et_pb_text admin_label=&#8220;Materialien&#8220; _builder_version=&#8220;4.25.1&#8243; background_color=&#8220;#ffffff&#8220; background_size=&#8220;initial&#8220; background_position=&#8220;top_left&#8220; background_repeat=&#8220;repeat&#8220; custom_margin=&#8220;25px|25px|25px|25px|false|false&#8220; custom_padding=&#8220;25px|25px|25px|25px|false|false&#8220; hover_enabled=&#8220;0&#8243; border_radii=&#8220;on|8px|8px|8px|8px&#8220; border_color_all=&#8220;#12a19a&#8220; global_colors_info=&#8220;{}&#8220; sticky_enabled=&#8220;0&#8243;]<\/p>\n<h3>Weiterf\u00fchrende Hinweise<\/h3>\n<ul>\n<li><a href=\"https:\/\/whocc.bioeg.de\/publikationen\/standards-fuer-sexualaufklaerung\/\" target=\"_blank\" rel=\"noopener noreferrer\"><strong>Standards f\u00fcr die Sexualaufkl\u00e4rung in Europa.<\/strong> <\/a><br \/>Rahmenkonzept f\u00fcr politische Entscheidungstr\u00e4ger, Bildungseinrichtungen, Gesundheitsbeh\u00f6rden, Expertinnen und Experten<br \/>WHO-Regionalb\u00fcro f\u00fcr Europa und BI\u00d6G<\/li>\n<li><a href=\"https:\/\/www.who.int\/\" target=\"_blank\" rel=\"noopener noreferrer\"><strong>Weltgesundheitsorganisation (WHO)<\/strong> <\/a><br \/>Definition Sexuelle Gesundheit<\/li>\n<li><a href=\"https:\/\/www.ippf.org\/sites\/default\/files\/ippf_sexual_rights_declaration_german.pdf\" target=\"_blank\" rel=\"noopener noreferrer\"><strong>IPPF-Erkl\u00e4rung: Sexuelle Rechte<\/strong> <\/a><\/li>\n<\/ul>\n<p>[\/et_pb_text][\/et_pb_column][\/et_pb_row][\/et_pb_section][et_pb_section fb_built=&#8220;1&#8243; admin_label=&#8220;last&#8220; _builder_version=&#8220;4.16&#8243; background_color=&#8220;#e50652&#8243; global_colors_info=&#8220;{}&#8220;][et_pb_row column_structure=&#8220;3_5,2_5&#8243; _builder_version=&#8220;4.16&#8243; background_enable_color=&#8220;off&#8220; background_size=&#8220;initial&#8220; background_position=&#8220;top_left&#8220; background_repeat=&#8220;repeat&#8220; width_tablet=&#8220;&#8220; width_phone=&#8220;&#8220; width_last_edited=&#8220;on|desktop&#8220; global_colors_info=&#8220;{}&#8220;][et_pb_column type=&#8220;3_5&#8243; _builder_version=&#8220;4.16&#8243; custom_padding=&#8220;|||&#8220; global_colors_info=&#8220;{}&#8220; custom_padding__hover=&#8220;|||&#8220;][et_pb_button button_url=&#8220;https:\/\/www.jugendschutz-niedersachsen.de\/sexuelle-gesundheit\/&#8220; button_text=&#8220;Jugendschutz &#038; sexuelle Gesundheit&#8220; button_alignment=&#8220;center&#8220; _builder_version=&#8220;4.16&#8243; custom_margin=&#8220;|2%|||false|false&#8220; global_colors_info=&#8220;{}&#8220;][\/et_pb_button][\/et_pb_column][et_pb_column type=&#8220;2_5&#8243; _builder_version=&#8220;4.16&#8243; custom_padding=&#8220;|||&#8220; global_colors_info=&#8220;{}&#8220; custom_padding__hover=&#8220;|||&#8220;][et_pb_team_member name=&#8220;Jule Bosak&#8220; position=&#8220;Ansprechperson&#8220; _builder_version=&#8220;4.25.1&#8243; header_text_color=&#8220;rgba(255,255,255,0.75)&#8220; header_font_size=&#8220;23px&#8220; body_font_size=&#8220;15px&#8220; body_line_height=&#8220;1.1em&#8220; position_font=&#8220;Roboto Condensed|600|||||||&#8220; position_text_color=&#8220;#ffffff&#8220; position_font_size=&#8220;17px&#8220; position_line_height=&#8220;1.2em&#8220; background_layout=&#8220;dark&#8220; module_alignment=&#8220;left&#8220; custom_margin=&#8220;|||10%|false|false&#8220; border_color_all=&#8220;#000000&#8243; border_radii_image=&#8220;on|50%|50%|50%|50%&#8220; border_width_all_image=&#8220;1px&#8220; border_color_all_image=&#8220;#000000&#8243; global_colors_info=&#8220;{}&#8220;]<\/p>\n<p>Fachreferentin im Bereich Sexualit\u00e4t<br \/><a href=\"https:\/\/www.jugendschutz-niedersachsen.de\/\" target=\"_blank\" rel=\"noopener noreferrer\">Landesstelle Jugendschutz Niedersachsen<\/a><\/p>\n<p>&nbsp;<\/p>\n<p>[\/et_pb_team_member][\/et_pb_column][\/et_pb_row][\/et_pb_section]<\/p>\n","protected":false},"excerpt":{"rendered":"<p>Jugendschutz und sexuelle Gesundheit: Weiterf\u00fchrende Hinweise<\/p>\n","protected":false},"author":1,"featured_media":347,"parent":4,"menu_order":0,"comment_status":"closed","ping_status":"closed","template":"","meta":{"_et_pb_use_builder":"on","_et_pb_old_content":"","_et_gb_content_width":"","footnotes":""},"class_list":["post-1159","page","type-page","status-publish","has-post-thumbnail","hentry"],"_links":{"self":[{"href":"https:\/\/www.jugendschutz-niedersachsen.de\/sexuelle-gesundheit\/wp-json\/wp\/v2\/pages\/1159","targetHints":{"allow":["GET"]}}],"collection":[{"href":"https:\/\/www.jugendschutz-niedersachsen.de\/sexuelle-gesundheit\/wp-json\/wp\/v2\/pages"}],"about":[{"href":"https:\/\/www.jugendschutz-niedersachsen.de\/sexuelle-gesundheit\/wp-json\/wp\/v2\/types\/page"}],"author":[{"embeddable":true,"href":"https:\/\/www.jugendschutz-niedersachsen.de\/sexuelle-gesundheit\/wp-json\/wp\/v2\/users\/1"}],"replies":[{"embeddable":true,"href":"https:\/\/www.jugendschutz-niedersachsen.de\/sexuelle-gesundheit\/wp-json\/wp\/v2\/comments?post=1159"}],"version-history":[{"count":16,"href":"https:\/\/www.jugendschutz-niedersachsen.de\/sexuelle-gesundheit\/wp-json\/wp\/v2\/pages\/1159\/revisions"}],"predecessor-version":[{"id":1302,"href":"https:\/\/www.jugendschutz-niedersachsen.de\/sexuelle-gesundheit\/wp-json\/wp\/v2\/pages\/1159\/revisions\/1302"}],"up":[{"embeddable":true,"href":"https:\/\/www.jugendschutz-niedersachsen.de\/sexuelle-gesundheit\/wp-json\/wp\/v2\/pages\/4"}],"wp:featuredmedia":[{"embeddable":true,"href":"https:\/\/www.jugendschutz-niedersachsen.de\/sexuelle-gesundheit\/wp-json\/wp\/v2\/media\/347"}],"wp:attachment":[{"href":"https:\/\/www.jugendschutz-niedersachsen.de\/sexuelle-gesundheit\/wp-json\/wp\/v2\/media?parent=1159"}],"curies":[{"name":"wp","href":"https:\/\/api.w.org\/{rel}","templated":true}]}}