{"id":4,"date":"2021-12-07T09:47:23","date_gmt":"2021-12-07T08:47:23","guid":{"rendered":"https:\/\/www.jugendschutz-niedersachsen.de\/lanparties\/?page_id=4"},"modified":"2025-08-12T17:16:33","modified_gmt":"2025-08-12T15:16:33","slug":"lan-party-fuer-eltern-in-niedersachsen","status":"publish","type":"page","link":"https:\/\/www.jugendschutz-niedersachsen.de\/lanparties\/","title":{"rendered":"LAN-Party f\u00fcr Eltern in Niedersachsen"},"content":{"rendered":"<p>[et_pb_section fb_built=&#8220;1&#8243; _builder_version=&#8220;4.16&#8243; _module_preset=&#8220;default&#8220; width=&#8220;100%&#8220; custom_margin=&#8220;0px|0px|0px|0px|false|false&#8220; custom_padding=&#8220;0px|0px|0px|0px|false|false&#8220; global_colors_info=&#8220;{}&#8220;][et_pb_row _builder_version=&#8220;4.16&#8243; _module_preset=&#8220;default&#8220; width=&#8220;100%&#8220; module_alignment=&#8220;center&#8220; custom_margin=&#8220;0px|0px|0px|0px|false|false&#8220; custom_padding=&#8220;0px|0px|0px|0px|false|false&#8220; global_colors_info=&#8220;{}&#8220;][et_pb_column type=&#8220;4_4&#8243; _builder_version=&#8220;4.16&#8243; _module_preset=&#8220;default&#8220; global_colors_info=&#8220;{}&#8220;][et_pb_image src=&#8220;https:\/\/www.jugendschutz-niedersachsen.de\/lanparties\/wp-content\/uploads\/sites\/14\/2022\/09\/header.jpg&#8220; title_text=&#8220;Sci-fi,Gaming,Character,In,Futuristic,Suit,Aiming,Weapon,shooting,Gun,illustration&#8220; _builder_version=&#8220;4.16&#8243; _module_preset=&#8220;default&#8220; module_alignment=&#8220;left&#8220; custom_margin=&#8220;0px|0px|0px|0px|false|false&#8220; custom_padding=&#8220;0px|0px|0px|0px|false|false&#8220; global_colors_info=&#8220;{}&#8220;][\/et_pb_image][\/et_pb_column][\/et_pb_row][et_pb_row column_structure=&#8220;2_3,1_3&#8243; _builder_version=&#8220;4.16&#8243; _module_preset=&#8220;default&#8220; background_enable_color=&#8220;off&#8220; width=&#8220;100%&#8220; custom_margin=&#8220;||0px||false|false&#8220; custom_padding=&#8220;||0px||false|false&#8220; global_colors_info=&#8220;{}&#8220;][et_pb_column type=&#8220;2_3&#8243; _builder_version=&#8220;4.16&#8243; _module_preset=&#8220;default&#8220; global_colors_info=&#8220;{}&#8220;][et_pb_text admin_label=&#8220;Termine&#8220; module_id=&#8220;termine&#8220; _builder_version=&#8220;4.25.1&#8243; _module_preset=&#8220;default&#8220; background_enable_color=&#8220;off&#8220; custom_margin=&#8220;0px|0px|0px|30px|false|false&#8220; custom_padding=&#8220;5%|0px|0px|7%|false|false&#8220; hover_enabled=&#8220;0&#8243; global_colors_info=&#8220;{}&#8220; sticky_enabled=&#8220;0&#8243;]<\/p>\n<h1>Termine 2025<\/h1>\n<p><strong>23.09. Gaming ohne Grenzen? Hannover<br \/><a href=\"https:\/\/www.jugendschutz-niedersachsen.de\/lanparties\/wp-content\/uploads\/sites\/14\/2025\/08\/LJS-Einladung-Gaming-ohne-Grenzen-23-09-25.pdf\" target=\"_blank\" rel=\"attachment noopener wp-att-294\">\u00bb mehr Informationen<\/a><\/strong><del><\/del><\/p>\n<hr \/>\n<p><strong>Falls Sie Interesse haben, vor Ort eine LAN-Party f\u00fcr Eltern durchzuf\u00fchren, wenden Sie sich bitte an Eva Hanel (<a href=\"mailto:Eva.Hanel@jugendschutz-niedersachsen.de\">Eva.Hanel@jugendschutz-niedersachsen.de<\/a>).<\/strong><\/p>\n<p>&nbsp;<\/p>\n<p>&nbsp;<\/p>\n<p>[\/et_pb_text][et_pb_image src=&#8220;https:\/\/www.jugendschutz-niedersachsen.de\/lanparties\/wp-content\/uploads\/sites\/14\/2022\/09\/teiler-spieler_01.png&#8220; title_text=&#8220;teiler-spieler_01&#8243; align=&#8220;center&#8220; admin_label=&#8220;Teiler&#8220; _builder_version=&#8220;4.16&#8243; _module_preset=&#8220;default&#8220; width=&#8220;100%&#8220; module_alignment=&#8220;center&#8220; custom_margin=&#8220;10px|0px|0px|0px|false|false&#8220; custom_padding=&#8220;0px|0px|0px|0px|false|false&#8220; global_colors_info=&#8220;{}&#8220;][\/et_pb_image][\/et_pb_column][et_pb_column type=&#8220;1_3&#8243; _builder_version=&#8220;4.16&#8243; _module_preset=&#8220;default&#8220; global_colors_info=&#8220;{}&#8220;][et_pb_image src=&#8220;https:\/\/www.jugendschutz-niedersachsen.de\/lanparties\/wp-content\/uploads\/sites\/14\/2022\/09\/ljs-lan-party-scaled.jpg&#8220; title_text=&#8220;ljs-lan-party&#8220; force_fullwidth=&#8220;on&#8220; disabled_on=&#8220;on|off|off&#8220; _builder_version=&#8220;4.16&#8243; _module_preset=&#8220;default&#8220; transform_rotate=&#8220;0deg|0deg|7deg&#8220; custom_margin=&#8220;|||0px|false|false&#8220; custom_padding=&#8220;30px|60px|10px|0px|false|false&#8220; global_colors_info=&#8220;{}&#8220;][\/et_pb_image][\/et_pb_column][\/et_pb_row][et_pb_row _builder_version=&#8220;4.16&#8243; _module_preset=&#8220;default&#8220; width=&#8220;100%&#8220; module_alignment=&#8220;center&#8220; custom_margin=&#8220;0px|0px|0px|0px|false|false&#8220; custom_padding=&#8220;3%|0px|0px|0px|false|false&#8220; global_colors_info=&#8220;{}&#8220;][et_pb_column type=&#8220;4_4&#8243; _builder_version=&#8220;4.16&#8243; _module_preset=&#8220;default&#8220; global_colors_info=&#8220;{}&#8220;][et_pb_text admin_label=&#8220;Info Einleitung&#8220; module_id=&#8220;informationen&#8220; _builder_version=&#8220;4.16&#8243; _module_preset=&#8220;default&#8220; background_enable_color=&#8220;off&#8220; width=&#8220;100%&#8220; module_alignment=&#8220;center&#8220; custom_margin=&#8220;0px|0px|0px|0px|false|false&#8220; custom_padding=&#8220;5%|7%|0px|7%|false|false&#8220; global_colors_info=&#8220;{}&#8220;]<\/p>\n<h1>Informationen<\/h1>\n<p><strong>Eltern kennen sich in der Regel wenig in der Computerspielewelt ihrer Kinder aus. Sie sollten sich aber mit Computerspielen auseinandersetzen, um Kinder bei ihrem Medienkonsum begleiten und sie zu kritischen Nutzern erziehen zu k\u00f6nnen.<\/strong><\/p>\n<p>[\/et_pb_text][\/et_pb_column][\/et_pb_row][et_pb_row column_structure=&#8220;1_2,1_2&#8243; _builder_version=&#8220;4.16&#8243; _module_preset=&#8220;default&#8220; width=&#8220;100%&#8220; custom_padding=&#8220;1%|7%|7%|7%|false|false&#8220; global_colors_info=&#8220;{}&#8220;][et_pb_column type=&#8220;1_2&#8243; _builder_version=&#8220;4.16&#8243; _module_preset=&#8220;default&#8220; global_colors_info=&#8220;{}&#8220;][et_pb_text admin_label=&#8220;Informationen&#8220; _builder_version=&#8220;4.16&#8243; _module_preset=&#8220;default&#8220; background_enable_color=&#8220;off&#8220; custom_margin=&#8220;0px|0px|0px|0px|false|false&#8220; custom_padding=&#8220;7%|3%|7%|0px|false|false&#8220; global_colors_info=&#8220;{}&#8220;]<\/p>\n<h3>Ablauf einer Eltern-LAN-Party<\/h3>\n<p>Eltern erhalten auf einer LAN-Party die M\u00f6glichkeit, Computerspiele selbst auszuprobieren, um so zu erkennen, was Kinder und Jugendliche an Computerspielen faszinierend finden. Daf\u00fcr stehen Spiele verschiedener Altersfreigaben und verschiedener Genres zur Verf\u00fcgung.<\/p>\n<p>Die Eltern ben\u00f6tigen keine Vorkenntnisse, nur den Mut, sich an die Spiele heranzuwagen. \u00dcber einen theoretischen Input in Form eines Vortrages bekommen die Teilnehmenden Informationen zum Medium, lernen beispielsweise die Altersfreigaben bei Spielen kennen und werden in Gesichtspunkte des Jugendschutzes eingef\u00fchrt.<\/p>\n<p>[\/et_pb_text][\/et_pb_column][et_pb_column type=&#8220;1_2&#8243; _builder_version=&#8220;4.16&#8243; _module_preset=&#8220;default&#8220; global_colors_info=&#8220;{}&#8220;][et_pb_text admin_label=&#8220;Informationen&#8220; _builder_version=&#8220;4.16&#8243; _module_preset=&#8220;default&#8220; background_enable_color=&#8220;off&#8220; custom_margin=&#8220;0px|0px|0px|0px|false|false&#8220; custom_padding=&#8220;7%|0px|7%|3%|false|false&#8220; global_colors_info=&#8220;{}&#8220;]<\/p>\n<h3>Positive Seiten f\u00fcr die Eltern<\/h3>\n<p>Der so gewonnene Einblick soll Eltern ermutigen, sich mit den Themen der Kinder und Jugendlichen auseinander zu setzen und ein Verst\u00e4ndnis f\u00fcr ihre Freizeitbesch\u00e4ftigung zu entwickeln. Dabei geht es nicht darum, Eltern von Computerspielen zu \u00fcberzeugen, sondern ihnen Grundlagen f\u00fcr eine medienp\u00e4dagogische Auseinandersetzung zu vermitteln. Nur so k\u00f6nnen sich Eltern positionieren und sich mit ihren Kindern argumentativ austauschen. Vielfach ist den Eltern nicht bewusst, welche Kompetenzen ihre Kinder aufweisen, um in den Spielen gut zu sein.<\/p>\n<p>Die Eltern-LAN-Party bietet gleichzeitig einen Raum des Austausches. Eltern k\u00f6nnen untereinander von ihren Erfahrungen berichten, diskutieren und somit neue Ideen zum Umgang mit den Computerspielen am eigenen Rechner sammeln.<\/p>\n<p>[\/et_pb_text][\/et_pb_column][\/et_pb_row][et_pb_row _builder_version=&#8220;4.16&#8243; _module_preset=&#8220;default&#8220; width=&#8220;100%&#8220; module_alignment=&#8220;center&#8220; custom_margin=&#8220;0px|0px|0px|0px|false|false&#8220; custom_padding=&#8220;0px|0px|0px|0px|false|false&#8220; global_colors_info=&#8220;{}&#8220;][et_pb_column type=&#8220;4_4&#8243; _builder_version=&#8220;4.16&#8243; _module_preset=&#8220;default&#8220; global_colors_info=&#8220;{}&#8220;][et_pb_image src=&#8220;https:\/\/www.jugendschutz-niedersachsen.de\/lanparties\/wp-content\/uploads\/sites\/14\/2022\/09\/teiler-spieler_02.png&#8220; title_text=&#8220;teiler-spieler_02&#8243; align=&#8220;center&#8220; admin_label=&#8220;Teiler&#8220; _builder_version=&#8220;4.16&#8243; _module_preset=&#8220;default&#8220; width=&#8220;100%&#8220; module_alignment=&#8220;center&#8220; custom_margin=&#8220;0px|0px|0px|0px|false|false&#8220; custom_padding=&#8220;0px|0px|0px|0px|false|false&#8220; global_colors_info=&#8220;{}&#8220;][\/et_pb_image][et_pb_text admin_label=&#8220;Links&#8220; module_id=&#8220;links&#8220; _builder_version=&#8220;4.16&#8243; _module_preset=&#8220;default&#8220; background_enable_color=&#8220;off&#8220; width=&#8220;100%&#8220; module_alignment=&#8220;center&#8220; custom_margin=&#8220;0px|0px|0px|0px|false|false&#8220; custom_padding=&#8220;7%|7%|7%|7%|false|false&#8220; global_colors_info=&#8220;{}&#8220;]<\/p>\n<h1>Links<\/h1>\n<p style=\"text-align: center;\"><strong>Hier finden sich n\u00fctzliche Internetadressen rund um digitale Spiele und Spielverhalten aber auch Anlaufstellen und Hilfe zum Thema &#8222;exzessives&#8220; Spielen<\/strong><\/p>\n<p style=\"text-align: center;\"><a href=\"https:\/\/usk.de\/\" target=\"_blank\" rel=\"noopener\"><strong>www.usk.de<\/strong><\/a><br \/>Die Unterhaltungssoftware Selbstkontrolle (USK) hat im Auftrag der Jugendministerien der L\u00e4nder die Vergabe der Altersfreigaben \u00fcbernommen.<\/p>\n<p style=\"text-align: center;\"><a href=\"https:\/\/www.bzkj.de\/bzkj\" target=\"_blank\" rel=\"noopener\"><strong>www.bzkj.de\/bzkj<\/strong><\/a><br \/>Die Bundeszentrale f\u00fcr Kinder- und Jugendmedienschutz (BzKJ) Die BzKJ unterh\u00e4lt eine Pr\u00fcfstelle f\u00fcr jugendgef\u00e4hrdende Medien und f\u00fchrt wie die vormalige Bundepr\u00fcfstelle f\u00fcr jugendgef\u00e4hrdende Medien (BPjM) die Liste der jugendgef\u00e4hrdenden Medien weiter.<\/p>\n<p style=\"text-align: center;\"><a href=\"https:\/\/www.medien-kindersicher.de\/startseite\" target=\"_blank\" rel=\"noopener\"><strong>www.medien-kindersicher.de<\/strong><\/a><br \/>Das Portal f\u00fcr technischen Jugendmedienschutz informiert Eltern \u00fcber technische Schutzl\u00f6sungen auch f\u00fcr Spielekonsolen und Laptops und PC.\u00a0 Komplizierte Einstellungen werden in einfachen Schritten vorgestellt, erkl\u00e4rt und eingeordnet. Eltern finden schnell und unkompliziert genau die L\u00f6sungen, die sie f\u00fcr ihre Kinder ben\u00f6tigen \u2013 angepasst an Alter, Entwicklungsstand und genutzte Ger\u00e4te.<\/p>\n<p style=\"text-align: center;\"><a href=\"https:\/\/www.spieleratgeber-nrw.de\/\" target=\"_blank\" rel=\"noopener\"><strong>www.spieleratgeber-nrw.de<\/strong><\/a><br \/>Der Spieleratgeber-NRW ist die p\u00e4dagogische Informationsplattform zu Computer-, Konsolenspielen und Apps. Kinder und Jugendliche werden in redaktionelle Prozesse aktiv mit eingebunden.<\/p>\n<p style=\"text-align: center;\"><a href=\"https:\/\/www.spielbar.de\/\" target=\"_blank\" rel=\"noopener\"><strong>www.spielbar.de<\/strong><\/a><br \/>Die Bundeszentrale f\u00fcr politische Bildung informiert auf ihrem Portal\u00a0www.spielbar.de\u00a0\u00fcber Computerspiele aus p\u00e4dagogischer Sicht, fordert auf, selbst Computerspiele zu beurteilen und bietet Platz zum Meinungsaustausch.<\/p>\n<p style=\"text-align: center;\"><a href=\"https:\/\/www.klicksafe.de\/\" target=\"_blank\" rel=\"noopener\"><strong>www.klicksafe.de<\/strong><\/a><br \/>Klicksafe ist eine EU-Initiative f\u00fcr mehr Sicherheit im Netz und bietet in ihrer Themen\u00fcbersicht u.a. auch einen guten Einblick in die Welt der Computerspiele.<\/p>\n<p style=\"text-align: center;\"><strong><a href=\"https:\/\/www.schau-hin.info\/\" target=\"_blank\" rel=\"noopener\">www.schau-hin.info<\/a><br \/><\/strong>Mit SCHAU HIN! werden Eltern gest\u00e4rkt, damit sie ihre Kinder fit f\u00fcr die Nutzung digitaler Medien machen k\u00f6nnen.\u201c<\/p>\n<p style=\"text-align: center;\"><a href=\"https:\/\/www.fv-medienabhaengigkeit.de\/\" target=\"_blank\" rel=\"noopener\"><strong>www.fv-medienabhaengigkeit.de<\/strong><\/a><br \/>Hier finden Sie Beratungs- und Anlaufstellen f\u00fcr Betroffene und Angeh\u00f6rige, die auf das Thema Medienabh\u00e4ngigkeit spezialisiert sind sowie regionale und bundesweite Ansprechpartner, die Ihnen Hilfe und Informationen vermitteln k\u00f6nnen.<\/p>\n<p>[\/et_pb_text][et_pb_image src=&#8220;https:\/\/www.jugendschutz-niedersachsen.de\/lanparties\/wp-content\/uploads\/sites\/14\/2022\/09\/teiler-spieler_03.png&#8220; title_text=&#8220;teiler-spieler_03&#8243; align=&#8220;center&#8220; admin_label=&#8220;Teiler&#8220; _builder_version=&#8220;4.16&#8243; _module_preset=&#8220;default&#8220; width=&#8220;100%&#8220; module_alignment=&#8220;center&#8220; custom_margin=&#8220;0px|0px|0px|0px|false|false&#8220; custom_padding=&#8220;0px|0px|0px|0px|false|false&#8220; global_colors_info=&#8220;{}&#8220;][\/et_pb_image][et_pb_text admin_label=&#8220;Kontakt&#8220; module_id=&#8220;kontakt&#8220; _builder_version=&#8220;4.16&#8243; _module_preset=&#8220;default&#8220; background_enable_color=&#8220;off&#8220; custom_margin=&#8220;0px|0px|0px|0px|false|false&#8220; custom_padding=&#8220;7%|7%|7%|7%|false|false&#8220; global_colors_info=&#8220;{}&#8220;]<\/p>\n<h1>Kontakt<\/h1>\n<p style=\"text-align: center;\">Eva Hanel<br \/><a href=\"mailto:Eva.Hanel@jugendschutz-niedersachsen.de\">Eva.Hanel@jugendschutz-niedersachsen.de<\/a><\/p>\n<p style=\"text-align: center;\"><strong>Landesstelle Jugendschutz Niedersachsen<\/strong><br \/>Leisewitzstr. 26<br \/>30175 Hannover<\/p>\n<p style=\"text-align: center;\">Tel: 0511 \u2013 85 87 88<\/p>\n<p style=\"text-align: center;\"><a href=\"mailto:info@jugendschutz-niedersachsen.de\">info@jugendschutz-niedersachsen.de<\/a><br \/><a href=\"https:\/\/www.jugendschutz-niedersachsen.de\/\" target=\"_blank\" rel=\"noopener\">www.jugendschutz-niedersachsen.de<\/a><\/p>\n<p>[\/et_pb_text][et_pb_image src=&#8220;https:\/\/www.jugendschutz-niedersachsen.de\/lanparties\/wp-content\/uploads\/sites\/14\/2022\/09\/footer.jpg&#8220; title_text=&#8220;Sci-fi,Gaming,Character,In,Futuristic,Suit,Aiming,Weapon,shooting,Gun,illustration&#8220; _builder_version=&#8220;4.16&#8243; _module_preset=&#8220;default&#8220; custom_margin=&#8220;0px|0px|0px|0px|false|false&#8220; global_colors_info=&#8220;{}&#8220;][\/et_pb_image][\/et_pb_column][\/et_pb_row][\/et_pb_section]<\/p>\n","protected":false},"excerpt":{"rendered":"<p>Eltern erhalten auf einer LAN-Party die M\u00f6glichkeit, Computerspiele selbst auszuprobieren, um so zu erkennen, was Kinder und Jugendliche an Computerspielen faszinierend finden. Daf\u00fcr stehen Spiele verschiedener Altersfreigaben und verschiedener Genres zur Verf\u00fcgung. Ein Projekt der Landesstelle Jugendschutz Niedersachsen.<\/p>\n","protected":false},"author":1,"featured_media":7,"parent":0,"menu_order":0,"comment_status":"closed","ping_status":"closed","template":"","meta":{"_et_pb_use_builder":"on","_et_pb_old_content":"","_et_gb_content_width":"","footnotes":""},"class_list":["post-4","page","type-page","status-publish","has-post-thumbnail","hentry"],"_links":{"self":[{"href":"https:\/\/www.jugendschutz-niedersachsen.de\/lanparties\/wp-json\/wp\/v2\/pages\/4","targetHints":{"allow":["GET"]}}],"collection":[{"href":"https:\/\/www.jugendschutz-niedersachsen.de\/lanparties\/wp-json\/wp\/v2\/pages"}],"about":[{"href":"https:\/\/www.jugendschutz-niedersachsen.de\/lanparties\/wp-json\/wp\/v2\/types\/page"}],"author":[{"embeddable":true,"href":"https:\/\/www.jugendschutz-niedersachsen.de\/lanparties\/wp-json\/wp\/v2\/users\/1"}],"replies":[{"embeddable":true,"href":"https:\/\/www.jugendschutz-niedersachsen.de\/lanparties\/wp-json\/wp\/v2\/comments?post=4"}],"version-history":[{"count":104,"href":"https:\/\/www.jugendschutz-niedersachsen.de\/lanparties\/wp-json\/wp\/v2\/pages\/4\/revisions"}],"predecessor-version":[{"id":299,"href":"https:\/\/www.jugendschutz-niedersachsen.de\/lanparties\/wp-json\/wp\/v2\/pages\/4\/revisions\/299"}],"wp:featuredmedia":[{"embeddable":true,"href":"https:\/\/www.jugendschutz-niedersachsen.de\/lanparties\/wp-json\/wp\/v2\/media\/7"}],"wp:attachment":[{"href":"https:\/\/www.jugendschutz-niedersachsen.de\/lanparties\/wp-json\/wp\/v2\/media?parent=4"}],"curies":[{"name":"wp","href":"https:\/\/api.w.org\/{rel}","templated":true}]}}