{"id":745,"date":"2021-01-21T11:33:52","date_gmt":"2021-01-21T10:33:52","guid":{"rendered":"https:\/\/www.jugendschutz-niedersachsen.de\/gemeinsam-gegen-sexuellen-missbrauch\/?page_id=745"},"modified":"2021-02-15T13:20:40","modified_gmt":"2021-02-15T12:20:40","slug":"sexueller-missbrauch-infos-fuer-kids","status":"publish","type":"page","link":"https:\/\/www.jugendschutz-niedersachsen.de\/gemeinsam-gegen-sexuellen-missbrauch\/sexueller-missbrauch-infos-fuer-kids\/","title":{"rendered":"Sexueller Missbrauch \u2013 Infos f\u00fcr Kids"},"content":{"rendered":"<p>[et_pb_section fb_built=&#8220;1&#8243; _builder_version=&#8220;4.8.1&#8243; _module_preset=&#8220;default&#8220;][et_pb_row column_structure=&#8220;1_2,1_2&#8243; _builder_version=&#8220;4.8.1&#8243; _module_preset=&#8220;default&#8220;][et_pb_column type=&#8220;1_2&#8243; _builder_version=&#8220;4.8.1&#8243; _module_preset=&#8220;default&#8220;][et_pb_text _builder_version=&#8220;4.9.0&#8243; _module_preset=&#8220;default&#8220; hover_enabled=&#8220;0&#8243; custom_margin=&#8220;||0px||false|false&#8220; custom_padding=&#8220;||0px||false|false&#8220; sticky_enabled=&#8220;0&#8243;]<\/p>\n<h1 style=\"text-align: center;\">Video (H\u00f6rfassung)<\/h1>\n<p>&nbsp;<\/p>\n<p>[\/et_pb_text][et_pb_video src=&#8220;https:\/\/www.jugendschutz-niedersachsen.de\/gemeinsam-gegen-sexuellen-missbrauch\/wp-content\/uploads\/sites\/10\/2021\/01\/Sexueller-Missbrauch-Infos-fu\u0308r-Kids.mp4&#8243; image_src=&#8220;https:\/\/www.jugendschutz-niedersachsen.de\/gemeinsam-gegen-sexuellen-missbrauch\/wp-content\/uploads\/sites\/10\/2021\/01\/sexuelller-missbrauch-infos-kids-video.jpg&#8220; play_icon_color=&#8220;#97C11F&#8220; thumbnail_overlay_color=&#8220;rgba(255,255,255,0.65)&#8220; _builder_version=&#8220;4.8.1&#8243; _module_preset=&#8220;default&#8220;][\/et_pb_video][et_pb_button button_url=&#8220;https:\/\/www.jugendschutz-niedersachsen.de\/gemeinsam-gegen-sexuellen-missbrauch\/wp-content\/uploads\/sites\/10\/2021\/01\/sexueller_missbrauch-kids_trickfilm.zip&#8220; button_text=&#8220;Download (*.zip)&#8220; button_alignment=&#8220;center&#8220; _builder_version=&#8220;4.8.1&#8243; _module_preset=&#8220;default&#8220; custom_button=&#8220;on&#8220; button_text_color=&#8220;#0C8E36&#8243; button_bg_color=&#8220;#FFFFFF&#8220; button_border_width=&#8220;3px&#8220; button_border_color=&#8220;#0C8E36&#8243; button_border_radius=&#8220;10px&#8220; button_font=&#8220;|700|||||||&#8220; button_icon=&#8220;%%28%%&#8220; button_icon_placement=&#8220;left&#8220; button_on_hover=&#8220;off&#8220;][\/et_pb_button][\/et_pb_column][et_pb_column type=&#8220;1_2&#8243; _builder_version=&#8220;4.8.1&#8243; _module_preset=&#8220;default&#8220;][et_pb_text _builder_version=&#8220;4.9.0&#8243; _module_preset=&#8220;default&#8220; hover_enabled=&#8220;0&#8243; custom_margin=&#8220;||0px||false|false&#8220; custom_padding=&#8220;||0px||false|false&#8220; sticky_enabled=&#8220;0&#8243;]<\/p>\n<h1 style=\"text-align: center;\">Video mit deutscher Geb\u00e4rdensprache<\/h1>\n<p>&nbsp;<\/p>\n<p>[\/et_pb_text][et_pb_video src=&#8220;https:\/\/www.jugendschutz-niedersachsen.de\/gemeinsam-gegen-sexuellen-missbrauch\/wp-content\/uploads\/sites\/10\/2021\/02\/ljs_sexueller-missbrauch_infos-fuer-kids_gebaerdensprache.mp4&#8243; image_src=&#8220;https:\/\/www.jugendschutz-niedersachsen.de\/gemeinsam-gegen-sexuellen-missbrauch\/wp-content\/uploads\/sites\/10\/2021\/01\/sexuelller-missbrauch-infos-kids-video.jpg&#8220; play_icon_color=&#8220;#97C11F&#8220; thumbnail_overlay_color=&#8220;rgba(255,255,255,0.65)&#8220; admin_label=&#8220;Video Geb\u00e4rdensprache&#8220; _builder_version=&#8220;4.9.0&#8243; _module_preset=&#8220;default&#8220;][\/et_pb_video][et_pb_button button_url=&#8220;https:\/\/www.jugendschutz-niedersachsen.de\/gemeinsam-gegen-sexuellen-missbrauch\/wp-content\/uploads\/sites\/10\/2021\/02\/ljs_sexueller-missbrauch_infos-fuer-kids_gebaerdensprache.zip&#8220; button_text=&#8220;Download (*.zip)&#8220; button_alignment=&#8220;center&#8220; _builder_version=&#8220;4.9.0&#8243; _module_preset=&#8220;default&#8220; custom_button=&#8220;on&#8220; button_text_color=&#8220;#0C8E36&#8243; button_bg_color=&#8220;#FFFFFF&#8220; button_border_width=&#8220;3px&#8220; button_border_color=&#8220;#0C8E36&#8243; button_border_radius=&#8220;10px&#8220; button_font=&#8220;|700|||||||&#8220; button_icon=&#8220;%%28%%&#8220; button_icon_placement=&#8220;left&#8220; button_on_hover=&#8220;off&#8220;][\/et_pb_button][et_pb_text _builder_version=&#8220;4.9.0&#8243; _module_preset=&#8220;default&#8220;]<\/p>\n<h5 style=\"text-align: right;\">DGS-Version: Yomma GmbH<\/h5>\n<p>&nbsp;<\/p>\n<p>[\/et_pb_text][\/et_pb_column][\/et_pb_row][et_pb_row _builder_version=&#8220;4.9.0&#8243; _module_preset=&#8220;default&#8220; hover_enabled=&#8220;0&#8243; custom_margin=&#8220;0px||||false|false&#8220; custom_padding=&#8220;0px||||false|false&#8220; sticky_enabled=&#8220;0&#8243;][et_pb_column type=&#8220;4_4&#8243; _builder_version=&#8220;4.8.1&#8243; _module_preset=&#8220;default&#8220;][et_pb_text _builder_version=&#8220;4.9.0&#8243; _module_preset=&#8220;default&#8220; background_color=&#8220;rgba(255,255,255,0.6)&#8220; custom_padding=&#8220;25px|25px|25px|25px|false|false&#8220;]<\/p>\n<p>Aufkl\u00e4rung ist wichtig. Kinder brauchen Erwachsene, die klar und sicher \u00fcber Missbrauch sprechen k\u00f6nnen \u2013 ohne Angst zu machen und ohne das Problem zu verschleiern. Denn informierte Kinder sind besser gesch\u00fctzt.<\/p>\n<p><strong>Der Trickfilm erkl\u00e4rt sexuellen Missbrauch. Kinder werden ermutigt, ihren eigenen Gef\u00fchlen zu vertrauen, und &#8222;Nein&#8220; zu sagen, wenn jemand ihre pers\u00f6nlichen Grenzen \u00fcberschreitet. Die Kernaussagen des Films &#8222;Kinder haben keine Schuld, wenn ein sexueller Missbrauch passiert&#8220; und &#8222;Kinder haben ein Recht auf Hilfe&#8220; werden mit konkreten Beispielen bebildert und sollen dazu motivieren, sich an Vertrauenspersonen zu wenden, die in einer Notlage unterst\u00fctzen k\u00f6nnen.<\/strong><\/p>\n<p>Der Film soll die Pr\u00e4ventionsarbeit mit Kindern im Grundschulalter unterst\u00fctzen. Fachkr\u00e4fte k\u00f6nnen ihn als Gespr\u00e4chsanlass \u00fcber Grenzverletzungen und Missbrauch nutzen und dabei vermitteln, an wen Kinder sich in solchen Situationen wenden k\u00f6nnen. Denn Lehrkr\u00e4fte, Erzieher*innen, Sozialarbeiter*innen sind Schl\u00fcsselpersonen f\u00fcr Schutz und Unterst\u00fctzung.<\/p>\n<p>[\/et_pb_text][\/et_pb_column][\/et_pb_row][\/et_pb_section]<\/p>\n","protected":false},"excerpt":{"rendered":"<p>Der Trickfilm erkl\u00e4rt sexuellen Missbrauch. Kinder werden ermutigt, ihren eigenen Gef\u00fchlen zu vertrauen, und &#8222;Nein&#8220; zu sagen, wenn jemand ihre pers\u00f6nlichen Grenzen \u00fcberschreitet. Die Kernaussagen des Films &#8222;Kinder haben keine Schuld, wenn ein sexueller Missbrauch passiert&#8220; und &#8222;Kinder haben ein Recht auf Hilfe&#8220; werden mit konkreten Beispielen bebildert und sollen dazu motivieren, sich an Vertrauenspersonen zu wenden, die in einer Notlage unterst\u00fctzen k\u00f6nnen.<\/p>\n","protected":false},"author":1,"featured_media":764,"parent":0,"menu_order":0,"comment_status":"closed","ping_status":"closed","template":"","meta":{"_et_pb_use_builder":"on","_et_pb_old_content":"","_et_gb_content_width":"","footnotes":""},"class_list":["post-745","page","type-page","status-publish","has-post-thumbnail","hentry"],"_links":{"self":[{"href":"https:\/\/www.jugendschutz-niedersachsen.de\/gemeinsam-gegen-sexuellen-missbrauch\/wp-json\/wp\/v2\/pages\/745","targetHints":{"allow":["GET"]}}],"collection":[{"href":"https:\/\/www.jugendschutz-niedersachsen.de\/gemeinsam-gegen-sexuellen-missbrauch\/wp-json\/wp\/v2\/pages"}],"about":[{"href":"https:\/\/www.jugendschutz-niedersachsen.de\/gemeinsam-gegen-sexuellen-missbrauch\/wp-json\/wp\/v2\/types\/page"}],"author":[{"embeddable":true,"href":"https:\/\/www.jugendschutz-niedersachsen.de\/gemeinsam-gegen-sexuellen-missbrauch\/wp-json\/wp\/v2\/users\/1"}],"replies":[{"embeddable":true,"href":"https:\/\/www.jugendschutz-niedersachsen.de\/gemeinsam-gegen-sexuellen-missbrauch\/wp-json\/wp\/v2\/comments?post=745"}],"version-history":[{"count":26,"href":"https:\/\/www.jugendschutz-niedersachsen.de\/gemeinsam-gegen-sexuellen-missbrauch\/wp-json\/wp\/v2\/pages\/745\/revisions"}],"predecessor-version":[{"id":839,"href":"https:\/\/www.jugendschutz-niedersachsen.de\/gemeinsam-gegen-sexuellen-missbrauch\/wp-json\/wp\/v2\/pages\/745\/revisions\/839"}],"wp:featuredmedia":[{"embeddable":true,"href":"https:\/\/www.jugendschutz-niedersachsen.de\/gemeinsam-gegen-sexuellen-missbrauch\/wp-json\/wp\/v2\/media\/764"}],"wp:attachment":[{"href":"https:\/\/www.jugendschutz-niedersachsen.de\/gemeinsam-gegen-sexuellen-missbrauch\/wp-json\/wp\/v2\/media?parent=745"}],"curies":[{"name":"wp","href":"https:\/\/api.w.org\/{rel}","templated":true}]}}